{"id":1252,"date":"2025-12-06T18:32:09","date_gmt":"2025-12-06T18:32:09","guid":{"rendered":"https:\/\/exoten-praxis.de\/?page_id=1252"},"modified":"2025-12-06T19:36:42","modified_gmt":"2025-12-06T19:36:42","slug":"hier-geht-es-zur-gogle-bewertung","status":"publish","type":"page","link":"https:\/\/exoten-praxis.de\/?page_id=1252","title":{"rendered":"Bewertung"},"content":{"rendered":"\n<p style=\"text-align: center;\"><div tabindex=\"0\" class=\"cycloneslider cycloneslider-template-standard cycloneslider-width-responsive\" id=\"cycloneslider-zoofachhandel-1400-x-700-1\" style=\"max-width:1400px\" > <div class=\"cycloneslider-slides cycle-slideshow\" data-cycle-allow-wrap=\"true\" data-cycle-dynamic-height=\"off\" data-cycle-auto-height=\"1400:700\" data-cycle-auto-height-easing=\"null\" data-cycle-auto-height-speed=\"250\" data-cycle-delay=\"0\" data-cycle-easing=\"\" data-cycle-fx=\"fadeout\" data-cycle-hide-non-active=\"true\" data-cycle-log=\"false\" data-cycle-next=\"#cycloneslider-zoofachhandel-1400-x-700-1 .cycloneslider-next\" data-cycle-pager=\"#cycloneslider-zoofachhandel-1400-x-700-1 .cycloneslider-pager\" data-cycle-pause-on-hover=\"false\" data-cycle-prev=\"#cycloneslider-zoofachhandel-1400-x-700-1 .cycloneslider-prev\" data-cycle-slides=\"&gt; div\" data-cycle-speed=\"1500\" data-cycle-swipe=\"false\" data-cycle-tile-count=\"7\" data-cycle-tile-delay=\"100\" data-cycle-tile-vertical=\"true\" data-cycle-timeout=\"8000\" > <div class=\"cycloneslider-slide cycloneslider-slide-image\" > <img decoding=\"async\" src=\"https:\/\/exoten-praxis.de\/wp-content\/uploads\/2016\/02\/Testudo-Graeca-ibera-adult.jpg\" alt=\"\" title=\"\" \/> <\/div> <div class=\"cycloneslider-slide cycloneslider-slide-image\" > <img decoding=\"async\" src=\"https:\/\/exoten-praxis.de\/wp-content\/uploads\/2016\/02\/Kinyongia-fisheri.jpg\" alt=\"\" title=\"\" \/> <\/div> <div class=\"cycloneslider-slide cycloneslider-slide-image\" > <img decoding=\"async\" src=\"https:\/\/exoten-praxis.de\/wp-content\/uploads\/2016\/02\/Avicularia-spec.-Guyana-1.jpg\" alt=\"\" title=\"\" \/> <\/div> <div class=\"cycloneslider-slide cycloneslider-slide-image\" > <img decoding=\"async\" src=\"https:\/\/exoten-praxis.de\/wp-content\/uploads\/2016\/02\/Reisfink-weiss-3-1400x700.jpg\" alt=\"\" title=\"\" \/> <\/div> <div class=\"cycloneslider-slide cycloneslider-slide-image\" > <img decoding=\"async\" src=\"https:\/\/exoten-praxis.de\/wp-content\/uploads\/2016\/02\/Kaoula-pulchra.jpg\" alt=\"\" title=\"\" \/> <\/div> <div class=\"cycloneslider-slide cycloneslider-slide-image\" > <img decoding=\"async\" src=\"https:\/\/exoten-praxis.de\/wp-content\/uploads\/2016\/02\/Grammostola-rosea.jpg\" alt=\"\" title=\"\" \/> <\/div> <div class=\"cycloneslider-slide cycloneslider-slide-image\" > <img decoding=\"async\" src=\"https:\/\/exoten-praxis.de\/wp-content\/uploads\/2016\/02\/T-Boa-constrictor-1.jpg\" alt=\"\" title=\"\" \/> <\/div> <div class=\"cycloneslider-slide cycloneslider-slide-image\" > <img decoding=\"async\" src=\"https:\/\/exoten-praxis.de\/wp-content\/uploads\/2016\/02\/Uromastix-ornata.jpg\" alt=\"\" title=\"\" \/> <\/div> <div class=\"cycloneslider-slide cycloneslider-slide-image\" > <img decoding=\"async\" src=\"https:\/\/exoten-praxis.de\/wp-content\/uploads\/2016\/02\/Gerbil-braun-stehend-1400x700.jpg\" alt=\"\" title=\"\" \/> <\/div> <div class=\"cycloneslider-slide cycloneslider-slide-image\" > <img decoding=\"async\" src=\"https:\/\/exoten-praxis.de\/wp-content\/uploads\/2016\/02\/Salamandra-salamandra-galaicia.jpg\" alt=\"\" title=\"\" \/> <\/div> <div class=\"cycloneslider-slide cycloneslider-slide-image\" > <img decoding=\"async\" src=\"https:\/\/exoten-praxis.de\/wp-content\/uploads\/2016\/02\/Fettschwanzgerbil-1400x700.jpg\" alt=\"\" title=\"\" \/> <\/div> <div class=\"cycloneslider-slide cycloneslider-slide-image\" > <img decoding=\"async\" src=\"https:\/\/exoten-praxis.de\/wp-content\/uploads\/2016\/02\/Madiga-liberina-2-1.jpg\" alt=\"\" title=\"\" \/> <\/div> <div class=\"cycloneslider-slide cycloneslider-slide-image\" > <img decoding=\"async\" src=\"https:\/\/exoten-praxis.de\/wp-content\/uploads\/2016\/02\/Gouldsamadine-Hahn-1400x700.jpg\" alt=\"\" title=\"\" \/> <\/div> <div class=\"cycloneslider-slide cycloneslider-slide-image\" > <img decoding=\"async\" src=\"https:\/\/exoten-praxis.de\/wp-content\/uploads\/2016\/02\/Terrapene-mexiacana-triungis-weiss.jpg\" alt=\"\" title=\"\" \/> <\/div> <div class=\"cycloneslider-slide cycloneslider-slide-image\" > <img decoding=\"async\" src=\"https:\/\/exoten-praxis.de\/wp-content\/uploads\/2016\/02\/Hottentotta-trileneatus-Babies.jpg\" alt=\"\" title=\"\" \/> <\/div> <div class=\"cycloneslider-slide cycloneslider-slide-image\" > <img decoding=\"async\" src=\"https:\/\/exoten-praxis.de\/wp-content\/uploads\/2016\/02\/Furcifer-pardalis-Ambilobe-01-Nachzucht.jpg\" alt=\"\" title=\"\" \/> <\/div> <div class=\"cycloneslider-slide cycloneslider-slide-image\" > <img decoding=\"async\" src=\"https:\/\/exoten-praxis.de\/wp-content\/uploads\/2016\/02\/Dschungarischer-Zwerghamster-2.jpg\" alt=\"\" title=\"\" \/> <\/div> <div class=\"cycloneslider-slide cycloneslider-slide-image\" > <img decoding=\"async\" src=\"https:\/\/exoten-praxis.de\/wp-content\/uploads\/2016\/02\/Phyllium-philippinicum.jpg\" alt=\"\" title=\"\" \/> <\/div> <div class=\"cycloneslider-slide cycloneslider-slide-image\" > <img decoding=\"async\" src=\"https:\/\/exoten-praxis.de\/wp-content\/uploads\/2016\/02\/Meerschweinchen-braun-3-1400x700.jpg\" alt=\"\" title=\"\" \/> <\/div> <\/div> <\/div>\n<p>\u00a0<\/p>\n<h2 style=\"text-align: center;\"><span style=\"color: #6193bd;\"><strong data-start=\"78\" data-end=\"101\">Ihre Meinung z\u00e4hlt!<\/strong><\/span><\/h2>\n<p style=\"text-align: center;\"><span style=\"color: #6193bd;\">Wir freuen uns sehr \u00fcber Ihr Vertrauen in unsere tier\u00e4rztliche Betreuung. Wenn Sie zufrieden waren, helfen Sie uns und anderen Tierhaltern weiter, indem Sie eine kurze Bewertung hinterlassen. Dr\u00fccken Sie dazu den Button. Sie werden dann zu Google weitergeleitet.<\/span><br \/><br \/><span style=\"color: #6193bd;\">Vielen Dank f\u00fcr Ihre Unterst\u00fctzung!<\/span><\/p>\n\n\n<div class=\"wp-block-image\">\n<figure class=\"aligncenter size-full\"><a href=\"https:\/\/g.page\/r\/CQrBI7jAPrf3EAE\/review\" target=\"_blank\" rel=\"https:\/\/g.page\/r\/CQrBI7jAPrf3EAE\/review\"><img loading=\"lazy\" decoding=\"async\" width=\"341\" height=\"168\" src=\"https:\/\/exoten-praxis.de\/wp-content\/uploads\/2025\/12\/Google-Button-Bewertungen.jpg\" alt=\"\" class=\"wp-image-1258\" srcset=\"https:\/\/exoten-praxis.de\/wp-content\/uploads\/2025\/12\/Google-Button-Bewertungen.jpg 341w, https:\/\/exoten-praxis.de\/wp-content\/uploads\/2025\/12\/Google-Button-Bewertungen-300x148.jpg 300w, https:\/\/exoten-praxis.de\/wp-content\/uploads\/2025\/12\/Google-Button-Bewertungen-150x74.jpg 150w\" sizes=\"auto, (max-width: 341px) 100vw, 341px\" \/><\/a><\/figure>\n<\/div>\n\n\n\n","protected":false},"excerpt":{"rendered":"<p>\u00a0 Ihre Meinung z\u00e4hlt! Wir freuen uns sehr \u00fcber Ihr Vertrauen in unsere tier\u00e4rztliche Betreuung. Wenn Sie zufrieden waren, helfen Sie uns und anderen Tierhaltern weiter, indem Sie eine kurze Bewertung hinterlassen. Dr\u00fccken Sie dazu den Button. Sie werden dann zu Google weitergeleitet. Vielen Dank f\u00fcr Ihre Unterst\u00fctzung!<\/p>\n<p class=\"continue-reading-button\"> <a class=\"continue-reading-link\" href=\"https:\/\/exoten-praxis.de\/?page_id=1252\">Continue reading<i class=\"crycon-right-dir\"><\/i><\/a><\/p>\n","protected":false},"author":1,"featured_media":0,"parent":0,"menu_order":0,"comment_status":"closed","ping_status":"closed","template":"","meta":{"om_disable_all_campaigns":false,"_monsterinsights_skip_tracking":false,"_monsterinsights_sitenote_active":false,"_monsterinsights_sitenote_note":"","_monsterinsights_sitenote_category":0,"footnotes":""},"class_list":["post-1252","page","type-page","status-publish","hentry"],"aioseo_notices":[],"_links":{"self":[{"href":"https:\/\/exoten-praxis.de\/index.php?rest_route=\/wp\/v2\/pages\/1252","targetHints":{"allow":["GET"]}}],"collection":[{"href":"https:\/\/exoten-praxis.de\/index.php?rest_route=\/wp\/v2\/pages"}],"about":[{"href":"https:\/\/exoten-praxis.de\/index.php?rest_route=\/wp\/v2\/types\/page"}],"author":[{"embeddable":true,"href":"https:\/\/exoten-praxis.de\/index.php?rest_route=\/wp\/v2\/users\/1"}],"replies":[{"embeddable":true,"href":"https:\/\/exoten-praxis.de\/index.php?rest_route=%2Fwp%2Fv2%2Fcomments&post=1252"}],"version-history":[{"count":17,"href":"https:\/\/exoten-praxis.de\/index.php?rest_route=\/wp\/v2\/pages\/1252\/revisions"}],"predecessor-version":[{"id":1284,"href":"https:\/\/exoten-praxis.de\/index.php?rest_route=\/wp\/v2\/pages\/1252\/revisions\/1284"}],"wp:attachment":[{"href":"https:\/\/exoten-praxis.de\/index.php?rest_route=%2Fwp%2Fv2%2Fmedia&parent=1252"}],"curies":[{"name":"wp","href":"https:\/\/api.w.org\/{rel}","templated":true}]}}