{"id":34,"date":"2016-02-03T11:41:45","date_gmt":"2016-02-03T11:41:45","guid":{"rendered":"http:\/\/exoten-praxis.de\/?page_id=34"},"modified":"2018-11-13T20:14:28","modified_gmt":"2018-11-13T20:14:28","slug":"reptilienmedizin","status":"publish","type":"page","link":"https:\/\/exoten-praxis.de\/?page_id=34","title":{"rendered":"Reptilienmedizin"},"content":{"rendered":"<h6><div tabindex=\"0\" class=\"cycloneslider cycloneslider-template-standard cycloneslider-width-responsive\" id=\"cycloneslider-reptilien-1\" style=\"max-width:1400px\" > <div class=\"cycloneslider-slides cycle-slideshow\" data-cycle-allow-wrap=\"true\" data-cycle-dynamic-height=\"off\" data-cycle-auto-height=\"1400:700\" data-cycle-auto-height-easing=\"null\" data-cycle-auto-height-speed=\"250\" data-cycle-delay=\"0\" data-cycle-easing=\"\" data-cycle-fx=\"fadeout\" data-cycle-hide-non-active=\"true\" data-cycle-log=\"false\" data-cycle-next=\"#cycloneslider-reptilien-1 .cycloneslider-next\" data-cycle-pager=\"#cycloneslider-reptilien-1 .cycloneslider-pager\" data-cycle-pause-on-hover=\"false\" data-cycle-prev=\"#cycloneslider-reptilien-1 .cycloneslider-prev\" data-cycle-slides=\"&gt; div\" data-cycle-speed=\"1500\" data-cycle-swipe=\"false\" data-cycle-tile-count=\"7\" data-cycle-tile-delay=\"100\" data-cycle-tile-vertical=\"true\" data-cycle-timeout=\"8000\" > <div class=\"cycloneslider-slide cycloneslider-slide-image\" > <img decoding=\"async\" src=\"https:\/\/exoten-praxis.de\/wp-content\/uploads\/2016\/02\/Testudo-hermanni-boettgeri-NZ-klein-Kopie.jpg\" alt=\"\" title=\"\" \/> <\/div> <div class=\"cycloneslider-slide cycloneslider-slide-image\" > <img decoding=\"async\" src=\"https:\/\/exoten-praxis.de\/wp-content\/uploads\/2016\/02\/Pantherophis-guttatus-gold-dust-NZ-klein-Kopie.jpg\" alt=\"\" title=\"\" \/> <\/div> <div class=\"cycloneslider-slide cycloneslider-slide-image\" > <img decoding=\"async\" src=\"https:\/\/exoten-praxis.de\/wp-content\/uploads\/2016\/02\/Morelia-spilota-mcdowelli.jpg\" alt=\"\" title=\"\" \/> <\/div> <div class=\"cycloneslider-slide cycloneslider-slide-image\" > <img decoding=\"async\" src=\"https:\/\/exoten-praxis.de\/wp-content\/uploads\/2016\/02\/Hemidactilus-imbricatus-2-Kopie.jpg\" alt=\"\" title=\"\" \/> <\/div> <div class=\"cycloneslider-slide cycloneslider-slide-image\" > <img decoding=\"async\" src=\"https:\/\/exoten-praxis.de\/wp-content\/uploads\/2016\/02\/Gongypophis-c-loveridgei-Kopie.jpg\" alt=\"\" title=\"\" \/> <\/div> <div class=\"cycloneslider-slide cycloneslider-slide-image\" > <img decoding=\"async\" src=\"https:\/\/exoten-praxis.de\/wp-content\/uploads\/2016\/02\/Eublepharis-macularius-mac-snow-albino-Kopie.jpg\" alt=\"\" title=\"\" \/> <\/div> <div class=\"cycloneslider-slide cycloneslider-slide-image\" > <img decoding=\"async\" src=\"https:\/\/exoten-praxis.de\/wp-content\/uploads\/2016\/02\/Chlamydosaura-kingii-1-Kopie.jpg\" alt=\"\" title=\"\" \/> <\/div> <div class=\"cycloneslider-slide cycloneslider-slide-image\" > <img decoding=\"async\" src=\"https:\/\/exoten-praxis.de\/wp-content\/uploads\/2016\/02\/Boa-constrictor-Mix-NZ-mittel-2-Kopie.jpg\" alt=\"\" title=\"\" \/> <\/div> <div class=\"cycloneslider-slide cycloneslider-slide-image\" > <img decoding=\"async\" src=\"https:\/\/exoten-praxis.de\/wp-content\/uploads\/2016\/02\/Ambilobe-NZ-10-Kopie.jpg\" alt=\"\" title=\"\" \/> <\/div> <\/div> <\/div><\/h6>\n<div>\n<h5 style=\"text-align: justify;\"><\/h5>\n<hr \/>\n<h5 style=\"text-align: justify;\"><\/h5>\n<h5><span style=\"text-decoration: underline;\"><span class=\"diyfeDecoration\" style=\"font-size: 14pt;\">Prophylaxema\u00dfnahmen<\/span><\/span><\/h5>\n<\/div>\n<div class=\"n diyfeLiveArea\">\n<h5 style=\"text-align: justify;\"><span class=\"diyfeDecoration\" style=\"font-size: 14pt;\">Beratung<\/span><\/h5>\n<p style=\"text-align: justify;\"><span class=\"diyfeDecoration\" style=\"font-size: 12pt;\">Wie bei anderen wechselwarmen Tieren ist bei Reptilien die Gesundheit unmittelbar von der Umwelt abh\u00e4ngig, in der sie leben. Im Terrarium bestimmt der Halter diese Rahmenbedingungen. Somit f\u00e4ngt bei dieser Tiergruppe die Gesunderhaltung in der Optimierung der Haltung an. Folgende, auf die Art abgestimmte, Beratungst\u00e4tigkeiten <\/span><span class=\"diyfeDecoration\" style=\"font-size: 12pt;\">werden <\/span><span class=\"diyfeDecoration\" style=\"font-size: 12pt;\">f\u00fcr den Privathalter und andere Haltungseinrichtungen angeboten:<\/span><span class=\"collapseomatic noarrow\" id=\"id69decc623ffca\"  tabindex=\"0\" title=\"  (Leistungen)\"    ><strong>  (Leistungen)<\/strong><\/span><div id=\"target-id69decc623ffca\" class=\"collapseomatic_content \">\n<ul style=\"list-style-type: disc; text-align: justify;\">\n<li><span style=\"font-size: 12pt;\">Ern\u00e4hrungsberatung<\/span><\/li>\n<li><span style=\"font-size: 12pt;\">Haltungsberatung<\/span><\/li>\n<li><span style=\"font-size: 12pt;\">Hygieneberatung<\/span><\/li>\n<li><span style=\"font-size: 12pt;\">Zuchtberatung<\/span><\/li>\n<\/ul>\n<\/div>\n<h5 style=\"text-align: justify;\"><div class=\"su-spacer\" style=\"height:15px\"><\/div><\/h5>\n<h5 style=\"text-align: justify;\"><span style=\"font-size: 14pt;\">Vorsorgeuntersuchung<\/span><\/h5>\n<h5 style=\"text-align: justify;\"><span style=\"font-size: 11pt; font-family: arial,helvetica,sans-serif;\"><div class=\"su-service\"><div class=\"su-service-title\" style=\"padding-left:52px;min-height:38px;line-height:38px\"><i class=\"sui sui-info\" style=\"font-size:38px;color:#6193bd\"><\/i> ROUTINEUNTERSUCHUNG <\/div><div class=\"su-service-content su-u-clearfix su-u-trim\" style=\"padding-left:52px\"><div class=\"su-note\"  style=\"border-color:#4779a3;border-radius:1px;-moz-border-radius:1px;-webkit-border-radius:1px;\"><div class=\"su-note-inner su-u-clearfix su-u-trim\" style=\"background-color:#6193bd;border-color:#ffffff;color:#ffffff;border-radius:1px;-moz-border-radius:1px;-webkit-border-radius:1px;\">Die niedrige Stoffwechselrate der Reptilien, f\u00fchrt nur selten zu (per-)akut auftretenden Krankheitssymptomen. Leider sind schleichende Ver\u00e4nderungen, die oft vom Besitzer \u00fcbersehen werden, die Folge. Um dies zu verhindern hilft auch bei Reptilien eine routinem\u00e4\u00dfige Beurteilung der lebenswichtigen Stoffwechselvorg\u00e4nge. <\/div><\/div><\/div><\/div><\/span><\/h5>\n<p style=\"text-align: justify;\"><span style=\"font-size: 12pt;\">Die Vorsorgeuntersuchung Ihres Pfleglings geh\u00f6rt zu den empfehlenswerten Prophylaxe Ma\u00dfnahmen. Diese sollte insbesondere vor stoffwechselbelastenden Herausforderungen durchgef\u00fchrt werden z.B. vor einem Zuchteinsatz oder dem Winterschlaf. Dringend angeraten ist die Ankaufsuntersuchung, um Auskunft \u00fcber bestandsbedrohende Erkrankungen (z.B. Parasitosen und Virus Erkrankungen) zu erhalten.<\/span><span class=\"collapseomatic noarrow\" id=\"id69decc62402fc\"  tabindex=\"0\" title=\"  (Leistungen)\"    ><strong>  (Leistungen)<\/strong><\/span><div id=\"target-id69decc62402fc\" class=\"collapseomatic_content \">\n<div class=\"n diyfeLiveArea\">\n<ul>\n<li style=\"text-align: justify;\"><span style=\"font-size: 12pt;\">medizinische Vorsorgeuntersuchung<\/span><\/li>\n<li><span style=\"font-size: 12pt;\">erg\u00e4nzt durch weitere Diagnostik<\/span>\n<ul style=\"text-align: justify;\">\n<li><span style=\"font-size: 12pt;\">R\u00f6ntgendiagnostik<\/span><\/li>\n<li><span style=\"font-size: 12pt;\">Endoskopie<\/span><\/li>\n<li><span style=\"font-size: 12pt;\">Klinische Blutchemie<\/span><\/li>\n<\/ul>\n<ul>\n<ul>\n<ul>\n<li style=\"text-align: justify;\"><span style=\"font-size: 12pt;\">Parasitologische Untersuchung inkl. Kryptosporidien<\/span><\/li>\n<li style=\"text-align: justify;\"><span style=\"font-size: 12pt;\">Bakteriologie \/ Mykologie<\/span><\/li>\n<li style=\"text-align: justify;\"><span style=\"font-size: 12pt;\">Virus Diagnostik (z.B. Herpes-, Arena-(IBD), Adeno-, Paramyxoviren)<\/span><\/li>\n<\/ul>\n<\/ul>\n<li style=\"text-align: justify;\"><span style=\"font-size: 12pt;\">Mikrochipping<\/span><\/li>\n<\/ul>\n<\/div><\/li>\n<\/ul>\n<\/div>\n<h5 style=\"text-align: justify;\">\u00a0<div class=\"su-spacer\" style=\"height:10px\"><\/div><\/h5>\n<p><img loading=\"lazy\" decoding=\"async\" id=\"gmedia-image-7\" class=\"gmedia-singlepic alignnone\" title=\"Unbenannt-2\" src=\"https:\/\/exoten-praxis.de\/wp-content\/grand-media\/image\/Unbenannt-2.jpg\" alt=\"Unbenannt-2\" width=\"1400\" height=\"5\" \/><\/p>\n<h5 style=\"text-align: justify;\"><span style=\"font-size: 14pt;\"><span style=\"text-decoration: underline;\">Therapeutischer Sevice<\/span><br \/>\n<\/span><\/h5>\n<h5 style=\"text-align: justify;\"><div class=\"su-spacer\" style=\"height:10px\"><\/div><\/h5>\n<h6 style=\"text-align: justify;\"><span style=\"font-size: 14pt;\">Diagnose und Therapie<br \/>\n<\/span><\/h6>\n<p style=\"text-align: justify;\"><span style=\"font-size: 12pt; font-family: arial,helvetica,sans-serif;\">Stellen Sie bei Ihren Pfleglingen akute Krankheitsanzeichen fest, werden die Sprechstunden in modern ausgestatteten Kleintierpraxen\/Kliniken abgehalten. Hier werden Ihrem Tier tiermedizinische Leistungen auf dem aktuellen Stand der Technik angeboten. <\/span><span style=\"font-size: 12pt; font-family: arial,helvetica,sans-serif;\">Um stets eine optimale Diagnose und Behandlung zu gew\u00e4hrleisten, bestehen ein <\/span><span style=\"font-size: 12pt; font-family: arial,helvetica,sans-serif;\">intensiver <\/span><span style=\"font-size: 12pt; font-family: arial,helvetica,sans-serif;\"> Erfahrungsaustausch mit anderen fachkundigen <\/span><span style=\"font-size: 12pt; font-family: arial,helvetica,sans-serif;\">Tier\u00e4rzten<\/span> <span style=\"font-size: 12pt; font-family: arial,helvetica,sans-serif;\">und eine enge Zusammenarbeit mit spezialisierten <\/span><span style=\"font-size: 12pt; font-family: arial,helvetica,sans-serif;\">Laboren<\/span><span style=\"font-size: 12pt; font-family: arial,helvetica,sans-serif;\">.<\/span><span class=\"collapseomatic noarrow\" id=\"id69decc6240347\"  tabindex=\"0\" title=\"  (Leistungen)\"    ><strong>  (Leistungen)<\/strong><\/span><div id=\"target-id69decc6240347\" class=\"collapseomatic_content \">\n<ul style=\"list-style-type: disc;\">\n<li><span style=\"font-size: 12pt;\">Allgemeinuntersuchung<\/span><\/li>\n<li><span style=\"font-size: 12pt;\">weiterf\u00fchrende Untersuchungen<\/span>\n<ul>\n<li><span style=\"font-size: 12pt;\">Bildgebende Diagnostik<\/span>\n<ul>\n<li><span style=\"font-size: 12pt;\">V<\/span><span style=\"font-size: 12pt;\">ideoendoskopie<\/span><\/li>\n<li><span style=\"font-size: 12pt;\">digitale R\u00f6ntgentechnik<\/span><\/li>\n<li><span style=\"font-size: 12pt;\">Farbdopplerultraschalluntersuchungen<\/span><\/li>\n<\/ul>\n<\/li>\n<li><span style=\"font-size: 12pt;\">Laboruntersuchungen<\/span>\n<ul>\n<li><span style=\"font-size: 12pt;\">Parasitologie<\/span><\/li>\n<li><span style=\"font-size: 12pt;\">Blutchemie<\/span><\/li>\n<li><span style=\"font-size: 12pt;\">Blutbild<\/span><\/li>\n<li><span style=\"font-size: 12pt;\">Bakteriologie<\/span><\/li>\n<li><span style=\"font-size: 12pt;\">Mykologie<\/span><\/li>\n<li><span style=\"font-size: 12pt;\">Virus Diagnostik<\/span><\/li>\n<li><span style=\"font-size: 12pt;\">Sektionen<\/span><\/li>\n<li><span style=\"font-size: 12pt;\">Histologie<\/span><\/li>\n<\/ul>\n<\/li>\n<\/ul>\n<\/li>\n<li><span style=\"font-size: 12pt;\">Weichteil- und Knochenchirurgie<\/span><\/li>\n<\/ul>\n<\/div>\n<h5><div class=\"su-spacer\" style=\"height:10px\"><\/div><\/h5>\n<h5><span style=\"font-size: 14pt;\">Station<\/span><\/h5>\n<p style=\"text-align: justify;\"><span style=\"font-size: 12pt;\">Es empfiehlt sich therapeutischen Ma\u00dfnahmen, die eine orale Medikamenteneingabe verlangen, bei Ihnen zuhause durchzuf\u00fchren. \u00dc<\/span><span style=\"font-size: 12pt;\">bersteigt die <\/span><span style=\"font-size: 12pt;\">Therapie Ihre F\u00e4higkeiten und M\u00f6glichkeiten oder <\/span><span style=\"font-size: 12pt;\">m\u00fcssen <\/span><span style=\"font-size: 12pt;\">Medikamente injiziert werden, ist eine station\u00e4re Unterbringung ggf. auch eine intensivmedizinische Behandlung angeraten. <\/span><span style=\"font-size: 12pt;\">Zudem <\/span><span style=\"font-size: 12pt;\">wird <\/span><span style=\"font-size: 12pt;\">eine \u00fcberwachte \u00dcberwinterung von Landschildkr\u00f6ten unter kontrollierten Bedingungen angeboten.<\/span><span class=\"collapseomatic noarrow\" id=\"id69decc624037d\"  tabindex=\"0\" title=\"  (Leistungen)\"    ><strong>  (Leistungen)<\/strong><\/span><div id=\"target-id69decc624037d\" class=\"collapseomatic_content \">\n<ul style=\"list-style-type: disc;\">\n<li style=\"text-align: justify;\"><span style=\"font-size: 12pt;\">Standard Station<br \/>\n<\/span><\/li>\n<li style=\"text-align: justify;\"><span style=\"font-size: 12pt;\">Intensivmedizinische Versorgung<\/span><\/li>\n<li style=\"text-align: justify;\"><span style=\"font-size: 12pt;\">\u00dcberwinterung von Schildkr\u00f6ten (ab 2016)<\/span><\/li>\n<\/ul>\n<\/div>\n<h5 style=\"text-align: justify;\"><div class=\"su-spacer\" style=\"height:10px\"><\/div><\/h5>\n<h5 style=\"text-align: justify;\"><span style=\"font-size: 14pt;\">Hausbesuche<\/span><\/h5>\n<p style=\"text-align: justify;\"><span style=\"font-size: 12pt;\">Bei sehr empfindlichen Tieren, gro\u00dfen Best\u00e4nden, zur Haltungsbeurteilung und zur allgemeinen Bestandsbetreuung f\u00fchre ich nach Absprache Hausbesuche durch. Gerne informiere ich Sie \u00fcber die M\u00f6glichkeiten dieser Leistung.<\/span><\/p>\n<h5 style=\"text-align: justify;\"><div class=\"su-spacer\" style=\"height:15px\"><\/div><\/h5>\n<h5 style=\"text-align: justify;\"><span style=\"font-size: 14pt;\">Notfallmedizin<\/span><\/h5>\n<p style=\"text-align: justify;\"><span style=\"font-size: 12pt;\">In den Zeiten von 8:30 bis 21:00 Uhr stehe ich Ihnen auch au\u00dferhalb der Sprechstunde unter der angegeben Notrufnummer zur Verf\u00fcgung. In dringenden F\u00e4llen kann eine medizinische Erstversorgung mit einer station\u00e4ren Unterbringung bis zur Abkl\u00e4rung einer Diagnose und der endg\u00fcltigen Therapie eingeleitet werden.<\/span><\/p>\n<h5><span class=\"diyfeDecoration\" style=\"font-size: 14pt;\"><div class=\"su-spacer\" style=\"height:10px\"><\/div><\/span><\/h5>\n<h5 style=\"text-align: justify;\"><span style=\"font-size: 12pt; font-family: arial,helvetica,sans-serif;\"><div class=\"su-service\"><div class=\"su-service-title\" style=\"padding-left:52px;min-height:38px;line-height:38px\"><i class=\"sui sui-info\" style=\"font-size:38px;color:#6193bd\"><\/i> NOTF\u00c4LLE<\/div><div class=\"su-service-content su-u-clearfix su-u-trim\" style=\"padding-left:52px\"><div class=\"su-note\"  style=\"border-color:#4779a3;border-radius:1px;-moz-border-radius:1px;-webkit-border-radius:1px;\"><div class=\"su-note-inner su-u-clearfix su-u-trim\" style=\"background-color:#6193bd;border-color:#ffffff;color:#ffffff;border-radius:1px;-moz-border-radius:1px;-webkit-border-radius:1px;\">Eine geringe Stoffwechselaktivit\u00e4t und die daraus folgende F\u00e4higkeit Hungerperioden zu \u00fcberstehen, f\u00fchrt bei Reptilien auch zu einem \u201elangsamen\u201c Krankheitsverlauf. Bei einer guten Beobachtungsgabe wird der Pfleger sein Reptil daher nur selten mit einem Notfall vorstellen. Akut auftretende Krankheitssymptome k\u00f6nnen aber z.B. durch eine Legenot, nach Vergiftungen oder Verletzungen verursacht werden. In diesen F\u00e4llen sollte ein Besuch beim Tierarzt schnellstm\u00f6glich stattfinden. <\/div><\/div><\/div><\/div><\/span><\/h5>\n<\/div>\n","protected":false},"excerpt":{"rendered":"<p>Prophylaxema\u00dfnahmen Beratung Wie bei anderen wechselwarmen Tieren ist bei Reptilien die Gesundheit unmittelbar von der Umwelt abh\u00e4ngig, in der sie leben. Im Terrarium bestimmt der Halter diese Rahmenbedingungen. Somit f\u00e4ngt bei dieser Tiergruppe die Gesunderhaltung in der Optimierung der Haltung an. Folgende, auf die Art abgestimmte, Beratungst\u00e4tigkeiten werden f\u00fcr den Privathalter und andere Haltungseinrichtungen angeboten: Vorsorgeuntersuchung Die Vorsorgeuntersuchung Ihres Pfleglings geh\u00f6rt zu den empfehlenswerten Prophylaxe Ma\u00dfnahmen. Diese sollte insbesondere vor stoffwechselbelastenden Herausforderungen durchgef\u00fchrt werden z.B. vor einem Zuchteinsatz oder dem Winterschlaf. Dringend angeraten ist die Ankaufsuntersuchung, um Auskunft \u00fcber bestandsbedrohende Erkrankungen (z.B. Parasitosen und Virus Erkrankungen) zu erhalten. \u00a0 Therapeutischer Sevice Diagnose und Therapie Stellen Sie bei Ihren Pfleglingen akute\u2026<\/p>\n<p class=\"continue-reading-button\"> <a class=\"continue-reading-link\" href=\"https:\/\/exoten-praxis.de\/?page_id=34\">Continue reading<i class=\"crycon-right-dir\"><\/i><\/a><\/p>\n","protected":false},"author":1,"featured_media":0,"parent":0,"menu_order":0,"comment_status":"closed","ping_status":"closed","template":"","meta":{"om_disable_all_campaigns":false,"_monsterinsights_skip_tracking":false,"_monsterinsights_sitenote_active":false,"_monsterinsights_sitenote_note":"","_monsterinsights_sitenote_category":0,"footnotes":""},"class_list":["post-34","page","type-page","status-publish","hentry"],"aioseo_notices":[],"_links":{"self":[{"href":"https:\/\/exoten-praxis.de\/index.php?rest_route=\/wp\/v2\/pages\/34","targetHints":{"allow":["GET"]}}],"collection":[{"href":"https:\/\/exoten-praxis.de\/index.php?rest_route=\/wp\/v2\/pages"}],"about":[{"href":"https:\/\/exoten-praxis.de\/index.php?rest_route=\/wp\/v2\/types\/page"}],"author":[{"embeddable":true,"href":"https:\/\/exoten-praxis.de\/index.php?rest_route=\/wp\/v2\/users\/1"}],"replies":[{"embeddable":true,"href":"https:\/\/exoten-praxis.de\/index.php?rest_route=%2Fwp%2Fv2%2Fcomments&post=34"}],"version-history":[{"count":99,"href":"https:\/\/exoten-praxis.de\/index.php?rest_route=\/wp\/v2\/pages\/34\/revisions"}],"predecessor-version":[{"id":1094,"href":"https:\/\/exoten-praxis.de\/index.php?rest_route=\/wp\/v2\/pages\/34\/revisions\/1094"}],"wp:attachment":[{"href":"https:\/\/exoten-praxis.de\/index.php?rest_route=%2Fwp%2Fv2%2Fmedia&parent=34"}],"curies":[{"name":"wp","href":"https:\/\/api.w.org\/{rel}","templated":true}]}}