{"id":36,"date":"2016-02-03T11:43:10","date_gmt":"2016-02-03T11:43:10","guid":{"rendered":"http:\/\/exoten-praxis.de\/?page_id=36"},"modified":"2016-05-23T07:36:13","modified_gmt":"2016-05-23T07:36:13","slug":"amphibienmedizin","status":"publish","type":"page","link":"https:\/\/exoten-praxis.de\/?page_id=36","title":{"rendered":"Amphibienmedizin"},"content":{"rendered":"<div tabindex=\"0\" class=\"cycloneslider cycloneslider-template-standard cycloneslider-width-responsive\" id=\"cycloneslider-amphibien-1\" style=\"max-width:1400px\" > <div class=\"cycloneslider-slides cycle-slideshow\" data-cycle-allow-wrap=\"true\" data-cycle-dynamic-height=\"off\" data-cycle-auto-height=\"1400:700\" data-cycle-auto-height-easing=\"null\" data-cycle-auto-height-speed=\"250\" data-cycle-delay=\"0\" data-cycle-easing=\"\" data-cycle-fx=\"fade\" data-cycle-hide-non-active=\"true\" data-cycle-log=\"false\" data-cycle-next=\"#cycloneslider-amphibien-1 .cycloneslider-next\" data-cycle-pager=\"#cycloneslider-amphibien-1 .cycloneslider-pager\" data-cycle-pause-on-hover=\"false\" data-cycle-prev=\"#cycloneslider-amphibien-1 .cycloneslider-prev\" data-cycle-slides=\"&gt; div\" data-cycle-speed=\"1500\" data-cycle-swipe=\"false\" data-cycle-tile-count=\"7\" data-cycle-tile-delay=\"100\" data-cycle-tile-vertical=\"true\" data-cycle-timeout=\"8001\" > <div class=\"cycloneslider-slide cycloneslider-slide-image\" > <img decoding=\"async\" src=\"https:\/\/exoten-praxis.de\/wp-content\/uploads\/2016\/02\/Afrixalus-brachycnemys-weiss-Kopie.jpg\" alt=\"\" title=\"\" \/> <\/div> <div class=\"cycloneslider-slide cycloneslider-slide-image\" > <img decoding=\"async\" src=\"https:\/\/exoten-praxis.de\/wp-content\/uploads\/2016\/02\/Caluella-guttulata.jpg\" alt=\"\" title=\"\" \/> <\/div> <div class=\"cycloneslider-slide cycloneslider-slide-image\" > <img decoding=\"async\" src=\"https:\/\/exoten-praxis.de\/wp-content\/uploads\/2016\/02\/Epidedobates.jpg\" alt=\"\" title=\"\" \/> <\/div> <div class=\"cycloneslider-slide cycloneslider-slide-image\" > <img decoding=\"async\" src=\"https:\/\/exoten-praxis.de\/wp-content\/uploads\/2016\/02\/Ingerophrynus-galeatus.jpg\" alt=\"\" title=\"\" \/> <\/div> <div class=\"cycloneslider-slide cycloneslider-slide-image\" > <img decoding=\"async\" src=\"https:\/\/exoten-praxis.de\/wp-content\/uploads\/2016\/02\/Kaoula-pulchra.jpg\" alt=\"\" title=\"\" \/> <\/div> <div class=\"cycloneslider-slide cycloneslider-slide-image\" > <img decoding=\"async\" src=\"https:\/\/exoten-praxis.de\/wp-content\/uploads\/2016\/02\/P1090770-Kopie.jpg\" alt=\"\" title=\"\" \/> <\/div> <div class=\"cycloneslider-slide cycloneslider-slide-image\" > <img decoding=\"async\" src=\"https:\/\/exoten-praxis.de\/wp-content\/uploads\/2016\/02\/P1090876.jpg\" alt=\"\" title=\"\" \/> <\/div> <div class=\"cycloneslider-slide cycloneslider-slide-image\" > <img decoding=\"async\" src=\"https:\/\/exoten-praxis.de\/wp-content\/uploads\/2016\/02\/P1500323.jpg\" alt=\"\" title=\"\" \/> <\/div> <div class=\"cycloneslider-slide cycloneslider-slide-image\" > <img decoding=\"async\" src=\"https:\/\/exoten-praxis.de\/wp-content\/uploads\/2016\/02\/P1510024.jpg\" alt=\"\" title=\"\" \/> <\/div> <div class=\"cycloneslider-slide cycloneslider-slide-image\" > <img decoding=\"async\" src=\"https:\/\/exoten-praxis.de\/wp-content\/uploads\/2016\/02\/Salamandra-salamandra-galaicia.jpg\" alt=\"\" title=\"\" \/> <\/div> <\/div> <\/div>\n<hr \/>\n<p>&nbsp;<\/p>\n<div>\n<h5><span class=\"diyfeDecoration\" style=\"font-size: 14pt;\"><span style=\"text-decoration: underline;\">Prophylaxema\u00dfnahmen<\/span><div class=\"su-spacer\" style=\"height:10px\"><\/div><\/span><\/h5>\n<\/div>\n<div class=\"n diyfeLiveArea\">\n<h5><span class=\"diyfeDecoration\" style=\"font-size: 14pt;\">Beratung<\/span><\/h5>\n<p style=\"text-align: justify;\">Amphibien stehen \u00fcber ihre stark durchl\u00e4ssige Haut im st\u00e4ndigen Kontakt mit ihrer Umwelt. Daraus folgt eine hohe Abh\u00e4ngigkeit von klimatischen, chemischen, physikalischen und biologischen Umwelteinfl\u00fcssen. Damit erlangt die fachkundige Haltungsberatung eine besondere Bedeutung:<span class=\"collapseomatic noarrow\" id=\"id69deb70a57eca\"  tabindex=\"0\" title=\"  (Leistungen)\"    ><strong>  (Leistungen)<\/strong><\/span><div id=\"target-id69deb70a57eca\" class=\"collapseomatic_content \">\n<ul style=\"list-style-type: disc; text-align: justify;\">\n<ul style=\"list-style-type: disc; text-align: justify;\">\n<ul style=\"list-style-type: disc; text-align: justify;\">\n<ul style=\"list-style-type: disc; text-align: justify;\">\n<li><span style=\"font-size: 12pt;\">Ern\u00e4hrungsberatung<\/span><\/li>\n<li><span style=\"font-size: 12pt;\">Haltungsberatung<\/span><\/li>\n<li><span style=\"font-size: 12pt;\">Hygieneberatung<\/span><\/li>\n<li><span style=\"font-size: 12pt;\">Zuchtberatung<\/span><\/li>\n<\/ul>\n<\/ul>\n<\/ul>\n<\/ul>\n<\/div>\n<\/div>\n<h5 style=\"text-align: justify;\"><span style=\"font-size: 12pt; font-family: arial,helvetica,sans-serif;\"><div class=\"su-service\"><div class=\"su-service-title\" style=\"padding-left:52px;min-height:38px;line-height:38px\"><i class=\"sui sui-info\" style=\"font-size:38px;color:#6193bd\"><\/i> PROPHYLAXEUNTERSUCHUNGEN - schon bedacht?<\/div><div class=\"su-service-content su-u-clearfix su-u-trim\" style=\"padding-left:52px\"><div class=\"su-note\"  style=\"border-color:#4779a3;border-radius:1px;-moz-border-radius:1px;-webkit-border-radius:1px;\"><div class=\"su-note-inner su-u-clearfix su-u-trim\" style=\"background-color:#6193bd;border-color:#ffffff;color:#ffffff;border-radius:1px;-moz-border-radius:1px;-webkit-border-radius:1px;\">Der intensive Stoffaustausch mit der Umwelt, die extreme Abh\u00e4ngigkeit von Haltungseinfl\u00fcssen machen gerade Amphibien zu h\u00f6chst sensiblen Tiere. Eine umfangreiche Ankaufsuntersuchung, strukturierte Quarant\u00e4nema\u00dfnahmen, aber auch regelm\u00e4\u00dfige Kontrolluntersuchungen und Sektionen von verstorbenen Tieren helfen wirksam bestandsbedrohende Erkrankungen zu vermeiden. <\/div><\/div><\/div><\/div><\/span><\/h5>\n<h5><span class=\"diyfeDecoration\" style=\"font-size: 14pt;\">Vorsorgeuntersuchung<\/span><\/h5>\n<p style=\"text-align: justify;\">Voraussetzung f\u00fcr eine erfolgreiche Amphibienhaltung ist eine gute Kenntnis des Gesundheitszustandes der eigenen Tiere. Da das Terrarium selber in den Lebenszyklus von verschiedenen Parasiten, Bakterien und Pilzen eingebunden ist, helfen regelm\u00e4\u00dfige tier\u00e4rztliche (labordiagnostische) Untersuchungen verlustreiche Erkrankungen zu vermeiden. Obligatorisch f\u00fcr die langfristige Haltung sind eine Ankaufsuntersuchung und das Einhalten von Quarant\u00e4nema\u00dfnahmen.<span class=\"collapseomatic noarrow\" id=\"id69deb70a58438\"  tabindex=\"0\" title=\"  (Leistungen)\"    ><strong>  (Leistungen)<\/strong><\/span><div id=\"target-id69deb70a58438\" class=\"collapseomatic_content \">\n<div class=\"n diyfeLiveArea\">\n<ul>\n<li style=\"text-align: justify;\">Wasserproben<\/li>\n<li style=\"text-align: justify;\"><span style=\"font-size: 12pt;\">medizinische Vorsorgeuntersuchung<\/span><\/li>\n<li><span style=\"font-size: 12pt;\">erg\u00e4nzt durch weitere Diagnostik<\/span>\n<ul style=\"text-align: justify;\">\n<li><span style=\"font-size: 12pt;\">R\u00f6ntgendiagnostik<\/span><span style=\"font-size: 12pt;\"> (abh\u00e4ngig von der K\u00f6rpergr\u00f6\u00dfe)<\/span><\/li>\n<li><span style=\"font-size: 12pt;\">Klinische Blutchemie<\/span><\/li>\n<\/ul>\n<ul>\n<ul>\n<ul>\n<li style=\"text-align: justify;\"><span style=\"font-size: 12pt;\">Parasitologische Untersuchung<br \/>\n<\/span><\/li>\n<li style=\"text-align: justify;\"><span style=\"font-size: 12pt;\">Bakteriologie (inkl. Chlamydien)<br \/>\n<\/span><\/li>\n<li style=\"text-align: justify;\"><span style=\"font-size: 12pt;\"> Mykologie inkl. <em>Batrachochytrium dendrobatitis<\/em> und <em>B. salamandrivorans <\/em>PCR<br \/>\n<\/span><\/li>\n<li style=\"text-align: justify;\"><span style=\"font-size: 12pt;\">Virus Diagnostik (z.B. Rana Viren)<\/span><\/li>\n<\/ul>\n<\/ul>\n<\/ul>\n<\/div><\/li>\n<\/ul>\n<\/div>\n<h5 style=\"text-align: justify;\"><div class=\"su-spacer\" style=\"height:15px\"><\/div><\/h5>\n<p><img loading=\"lazy\" decoding=\"async\" id=\"gmedia-image-8\" class=\"gmedia-singlepic alignnone\" title=\"Frosch-trenner\" src=\"https:\/\/exoten-praxis.de\/wp-content\/grand-media\/image\/Frosch-trenner.jpg\" alt=\"Frosch-trenner\" width=\"1400\" height=\"5\" \/><\/p>\n<h5><span class=\"diyfeDecoration\" style=\"font-size: 14pt;\"><span style=\"text-decoration: underline;\">Therapeutischer Service<\/span><\/span><\/h5>\n<h5 style=\"text-align: justify;\"><span style=\"font-size: 14pt;\">Diagnostik und Therapie<\/span><\/h5>\n<p style=\"text-align: justify;\"><span style=\"font-size: 12pt; font-family: arial,helvetica,sans-serif;\">Stellen Sie bei Ihren Pfleglingen Krankheitsanzeichen fest, werden die Sprechstunden in modernst ausgestatteten Kleintierpraxen\/Kliniken abgehalten. Hier werden Ihrem Tier tiermedizinische Leistungen auf dem aktuellen Stand der Technik angeboten. Um Ihnen im Rahmen der T\u00e4tigkeiten stets die bestm\u00f6gliche Leistung anbieten zu k\u00f6nnen, braucht es starke Partner. Sollten wir an unsere diagnostischen Grenzen sto\u00dfen, werden die Proben an spezialisierte Labore weitergeleitet.<\/span><span class=\"collapseomatic noarrow\" id=\"id69deb70a5847a\"  tabindex=\"0\" title=\"  (Leistungen)\"    ><strong>  (Leistungen)<\/strong><\/span><div id=\"target-id69deb70a5847a\" class=\"collapseomatic_content \">\n<ul style=\"list-style-type: disc;\">\n<ul style=\"list-style-type: disc;\">\n<li><span style=\"font-size: 12pt;\">Allgemeinuntersuchung<\/span><\/li>\n<li><span style=\"font-size: 12pt;\">weiterf\u00fchrende Untersuchungen<\/span>\n<ul>\n<li><span style=\"font-size: 12pt;\">Bildgebende Diagnostik<\/span>\n<ul>\n<li><span style=\"font-size: 12pt;\">(digitale R\u00f6ntgentechnik)<\/span><\/li>\n<li><span style=\"font-size: 12pt;\">(Farbdopplerultraschalluntersuchungen)<\/span><\/li>\n<\/ul>\n<\/li>\n<li><span style=\"font-size: 12pt;\">Laboruntersuchungen<\/span>\n<ul>\n<li><span style=\"font-size: 12pt;\">Parasitologie<\/span><\/li>\n<li><span style=\"font-size: 12pt;\">(Blutchemie)<\/span><\/li>\n<li><span style=\"font-size: 12pt;\">(Blutbild)<\/span><\/li>\n<li><span style=\"font-size: 12pt;\">Bakteriologie<\/span><\/li>\n<li><span style=\"font-size: 12pt;\">Mykologie<\/span><\/li>\n<li><span style=\"font-size: 12pt;\">Virus Diagnostik<\/span><\/li>\n<li><span style=\"font-size: 12pt;\">Sektionen<\/span><\/li>\n<li><span style=\"font-size: 12pt;\">Histologie<\/span><\/li>\n<li>Wasserproben<\/li>\n<\/ul>\n<\/li>\n<\/ul>\n<\/li>\n<li><span style=\"font-size: 12pt;\">Weichteilchirurgie<\/span><\/li>\n<\/ul>\n<\/ul>\n<\/div>\n<h5><span style=\"font-size: 14pt;\">Station<\/span><\/h5>\n<p style=\"text-align: justify;\"><span style=\"text-align: justify;\">Es empfiehlt sich therapeutische Ma\u00dfnahmen, die eine orale oder perkutane Medikamenteneingabe verlangen, bei Ihnen zuhause durchzuf\u00fchren. In kritischen F\u00e4llen ist eine station\u00e4re Unterbringung in klimatisierten Terrarien Einheiten <\/span><span style=\"text-align: justify;\">m\u00f6glich und <\/span><span style=\"text-align: justify;\">f\u00fcr einen optimalen Behandlungserfolg essentiell.<br \/>\n<\/span><\/p>\n<h5 style=\"text-align: justify;\"><span style=\"font-size: 14pt;\">Hausbesuche<\/span><\/h5>\n<p style=\"text-align: justify;\"><span style=\"font-size: 12pt;\">Bei sehr empfindlichen Tieren, gr\u00f6\u00dferen Best\u00e4nden, zur Beurteilung der Haltungsparameter und zur allgemeinen Bestandsbetreuung f\u00fchre ich nach Absprache Hausbesuche durch. Gerne informiere ich Sie \u00fcber die M\u00f6glichkeiten dieser Leistung.<\/span><\/p>\n<div class=\"su-spacer\" style=\"height:15px\"><\/div>\n<p><img loading=\"lazy\" decoding=\"async\" id=\"gmedia-image-8\" class=\"gmedia-singlepic alignnone\" title=\"Frosch-trenner\" src=\"https:\/\/exoten-praxis.de\/wp-content\/grand-media\/image\/Frosch-trenner.jpg\" alt=\"Frosch-trenner\" width=\"1400\" height=\"5\" \/><\/p>\n<h5 style=\"text-align: justify;\"><span style=\"font-size: 12pt; font-family: arial,helvetica,sans-serif;\"><div class=\"su-service\"><div class=\"su-service-title\" style=\"padding-left:52px;min-height:38px;line-height:38px\"><i class=\"sui sui-info\" style=\"font-size:38px;color:#6193bd\"><\/i> Notf\u00e4lle - perakut<\/div><div class=\"su-service-content su-u-clearfix su-u-trim\" style=\"padding-left:52px\"><div class=\"su-note\"  style=\"border-color:#4779a3;border-radius:1px;-moz-border-radius:1px;-webkit-border-radius:1px;\"><div class=\"su-note-inner su-u-clearfix su-u-trim\" style=\"background-color:#6193bd;border-color:#ffffff;color:#ffffff;border-radius:1px;-moz-border-radius:1px;-webkit-border-radius:1px;\">Die gef\u00fcrchtetsten Erkrankungen von Amphibien sind septk\u00e4misch verlaufende Infektionen, die zumeist pauschalisiert &#8222;Red Leg Disease\u201c oder auch &#8222;Molchpest&#8220; genannt werden. Durch den hohen Stoffaustausch mit der Umwelt zeigen sich erste Symptome h\u00e4ufig zeitgleich mit ersten Todesf\u00e4llen, die sehr schnell den gesamten Amphibienbestand bedrohen. Da es sich keineswegs Erkrankungen mit einheitlichen Ursachen handelt, sollte in diesen F\u00e4llen nicht nur umgehend der Tierarzt hinzugezogen werden, sondern schnellstm\u00f6glich weiterf\u00fchrende Untersuchungen eingeleitet werden. <\/div><\/div><\/div><\/div><\/span><\/h5>\n<p style=\"text-align: center;\"><div class=\"su-spacer\" style=\"height:15px\"><\/div>\n","protected":false},"excerpt":{"rendered":"<p>&nbsp; Prophylaxema\u00dfnahmen Beratung Amphibien stehen \u00fcber ihre stark durchl\u00e4ssige Haut im st\u00e4ndigen Kontakt mit ihrer Umwelt. Daraus folgt eine hohe Abh\u00e4ngigkeit von klimatischen, chemischen, physikalischen und biologischen Umwelteinfl\u00fcssen. Damit erlangt die fachkundige Haltungsberatung eine besondere Bedeutung: Vorsorgeuntersuchung Voraussetzung f\u00fcr eine erfolgreiche Amphibienhaltung ist eine gute Kenntnis des Gesundheitszustandes der eigenen Tiere. Da das Terrarium selber in den Lebenszyklus von verschiedenen Parasiten, Bakterien und Pilzen eingebunden ist, helfen regelm\u00e4\u00dfige tier\u00e4rztliche (labordiagnostische) Untersuchungen verlustreiche Erkrankungen zu vermeiden. Obligatorisch f\u00fcr die langfristige Haltung sind eine Ankaufsuntersuchung und das Einhalten von Quarant\u00e4nema\u00dfnahmen. Therapeutischer Service Diagnostik und Therapie Stellen Sie bei Ihren Pfleglingen Krankheitsanzeichen fest, werden die Sprechstunden in modernst ausgestatteten Kleintierpraxen\/Kliniken abgehalten. Hier werden\u2026<\/p>\n<p class=\"continue-reading-button\"> <a class=\"continue-reading-link\" href=\"https:\/\/exoten-praxis.de\/?page_id=36\">Continue reading<i class=\"crycon-right-dir\"><\/i><\/a><\/p>\n","protected":false},"author":1,"featured_media":0,"parent":0,"menu_order":0,"comment_status":"closed","ping_status":"closed","template":"","meta":{"om_disable_all_campaigns":false,"_monsterinsights_skip_tracking":false,"_monsterinsights_sitenote_active":false,"_monsterinsights_sitenote_note":"","_monsterinsights_sitenote_category":0,"footnotes":""},"class_list":["post-36","page","type-page","status-publish","hentry"],"aioseo_notices":[],"_links":{"self":[{"href":"https:\/\/exoten-praxis.de\/index.php?rest_route=\/wp\/v2\/pages\/36","targetHints":{"allow":["GET"]}}],"collection":[{"href":"https:\/\/exoten-praxis.de\/index.php?rest_route=\/wp\/v2\/pages"}],"about":[{"href":"https:\/\/exoten-praxis.de\/index.php?rest_route=\/wp\/v2\/types\/page"}],"author":[{"embeddable":true,"href":"https:\/\/exoten-praxis.de\/index.php?rest_route=\/wp\/v2\/users\/1"}],"replies":[{"embeddable":true,"href":"https:\/\/exoten-praxis.de\/index.php?rest_route=%2Fwp%2Fv2%2Fcomments&post=36"}],"version-history":[{"count":55,"href":"https:\/\/exoten-praxis.de\/index.php?rest_route=\/wp\/v2\/pages\/36\/revisions"}],"predecessor-version":[{"id":509,"href":"https:\/\/exoten-praxis.de\/index.php?rest_route=\/wp\/v2\/pages\/36\/revisions\/509"}],"wp:attachment":[{"href":"https:\/\/exoten-praxis.de\/index.php?rest_route=%2Fwp%2Fv2%2Fmedia&parent=36"}],"curies":[{"name":"wp","href":"https:\/\/api.w.org\/{rel}","templated":true}]}}