{"id":38,"date":"2016-02-03T11:44:41","date_gmt":"2016-02-03T11:44:41","guid":{"rendered":"http:\/\/exoten-praxis.de\/?page_id=38"},"modified":"2017-10-26T18:01:17","modified_gmt":"2017-10-26T18:01:17","slug":"praxen-und-sprechzeiten","status":"publish","type":"page","link":"https:\/\/exoten-praxis.de\/?page_id=38","title":{"rendered":"Sprechzeiten"},"content":{"rendered":"<p style=\"text-align: justify;\">In folgenden Praxen werden zur Zeit im Drei-L\u00e4nder-Eck Spechzeiten abgehalten. Terminvereinbarungen nehmen Sie bitte \u00fcber die jeweilige Praxis vor. Um die Organisation der Sprechstunde zu verbessern und um Wartezeiten zu verk\u00fcrzen, nennen Sie dabei bitte die Tierart, akute Problematik und die Anzahl der zu untersuchenden Tiere. Bitte beachten Sie, dass es sich um verbindliche Terminvereinbarung handelt. Sollten Sie einen vereinbarten Termin nicht einhalten k\u00f6nnen, sagen Sie ihn bitte fr\u00fchzeitig &#8211; sp\u00e4testens aber 24 Stunden vorher &#8211; ab.<\/p>\n<p style=\"text-align: justify;\">Ber\u00fccksichtigen Sie: Sprechstundentermine werden ausschliesslich \u00fcber die Praxen vergeben und k\u00f6nnen aus organisatorischen Gr\u00fcnden nicht \u00fcber die Notfallnummer vereinbart werden. Um zur jeweiligen Webseite der genannten Praxis\/Klinik zu gelangen, klicken Sie bitte auf das jeweilige Banner. <div class=\"su-spacer\" style=\"height:30px\"><\/div>\n<hr \/>\n<p>&nbsp;<\/p>\n<h5 style=\"text-align: center;\">Kleintierpraxis Tietz &#8211; Rudolf-Blessing-Strasse 2 &#8211; 79183 Waldkirch &#8211; Telefon: 07681 &#8211; 49 49 36<\/h5>\n<p style=\"text-align: center;\"><div class=\"su-spacer\" style=\"height:15px\"><\/div>\n<h5 style=\"text-align: center;\"><a href=\"http:\/\/www.kleintierpraxis-tietz.de\/\" target=\"_blank\"><img loading=\"lazy\" decoding=\"async\" id=\"gmedia-image-13\" class=\"gmedia-singlepic alignnone\" title=\"Praxis-Tietz\" src=\"https:\/\/exoten-praxis.de\/wp-content\/grand-media\/image\/Praxis-Tietz.jpg\" alt=\"Praxis-Tietz\" width=\"1400\" height=\"235\" \/><\/a><\/h5>\n<h5 style=\"text-align: center;\"><strong>Spechzeiten Dr. Behncke: <\/strong>Dienstag: 16:00 -18:00 &#8211; Donnerstag: 16:00 &#8211; 18:00<\/h5>\n<p style=\"text-align: center;\"><div class=\"su-spacer\" style=\"height:15px\"><\/div>\n<hr \/>\n<p style=\"text-align: center;\"><div class=\"su-spacer\" style=\"height:15px\"><\/div>\n<h5 style=\"text-align: center;\">Kleintierklinik Frank &#8211; Mooswaldallee 10i &#8211; 79108 Freiburg &#8211; Telefon: 0761 &#8211; 503 66 60<\/h5>\n<h5 style=\"text-align: center;\"><div class=\"su-spacer\" style=\"height:15px\"><\/div><\/h5>\n<p><a href=\"http:\/\/www.kleintierklinik-frank.de\/\" target=\"_blank\"><img loading=\"lazy\" decoding=\"async\" id=\"gmedia-image-11\" class=\"gmedia-singlepic alignnone\" title=\"Unbenannt-1\" src=\"https:\/\/exoten-praxis.de\/wp-content\/grand-media\/image\/Unbenannt-1_1.jpg\" alt=\"Unbenannt-1\" width=\"1400\" height=\"170\" \/><\/a><\/p>\n<h5 style=\"text-align: center;\"><strong>Spechzeiten Dr. Behncke:<\/strong> Montag: 15:00 &#8211; 18:00 &#8211; Freitag: 15:00 &#8211; 18:00<\/h5>\n<h5 style=\"text-align: center;\"><div class=\"su-spacer\" style=\"height:15px\"><\/div><\/h5>\n<hr \/>\n<div class=\"su-spacer\" style=\"height:15px\"><\/div>\n<h5 style=\"text-align: center;\">Kleintierpraxis Monika Dressel (ehem. Kleintierpraxis Dr. Teichmann) &#8211; Bahnhofstr. 3 &#8211; 79585 Steinen &#8211; Telefon: 07627 &#8211; 7977<\/h5>\n<h5 style=\"text-align: center;\"><div class=\"su-spacer\" style=\"height:15px\"><\/div><\/h5>\n<p><img loading=\"lazy\" decoding=\"async\" id=\"gmedia-image-15\" class=\"gmedia-singlepic alignnone\" title=\"Steinen\" src=\"https:\/\/exoten-praxis.de\/wp-content\/grand-media\/image\/Steinen.jpg\" alt=\"Steinen\" width=\"1400\" height=\"170\" \/><\/p>\n<h5 style=\"text-align: center;\"><strong>Spechzeiten Dr. Behncke:\u00a0<\/strong> Mittwoch 15:00 &#8211; 18:00 (14 t\u00e4gig)<\/h5>\n<h5 style=\"text-align: center;\"><div class=\"su-spacer\" style=\"height:15px\"><\/div><\/h5>\n<hr \/>\n<h5 style=\"text-align: justify;\"><span style=\"font-size: 14pt;\">Medizinische Notf\u00e4lle<\/span><\/h5>\n<p style=\"text-align: center;\"><div class=\"su-spacer\" style=\"height:10px\"><\/div>\n<p style=\"text-align: justify;\"><span style=\"font-family: arial,helvetica,sans-serif; font-size: 12pt;\">Akute Notf\u00e4lle treten nat\u00fcrlich auch au\u00dferhalb der Sprechzeiten auf. In den Zeiten von 8:00 bis 21:00 Uhr stehe ich Ihnen telefonisch zur Verf\u00fcgung. In dringenden F\u00e4llen wird eine medizinische Erstversorgung mit einer station\u00e4ren Unterbringung bis zur Abkl\u00e4rung einer Diagnose und der endg\u00fcltigen Therapie eingeleitet. <strong>Beachten Sie: Diese Nummer ist dem medizinischen Notfall vorbehalten!<\/strong> Terminvereinbarungen treffen Sie bitte mit der entsprechenden Praxis\/Klinik.<\/span><\/p>\n<p style=\"text-align: justify;\"><div class=\"su-spacer\" style=\"height:30px\"><\/div>\n<h4 style=\"text-align: center;\"><span style=\"color: #3366ff;\"><strong><span style=\"font-size: 12pt;\"><span style=\"font-size: 14pt; color: #ff6600;\">Dr. Helge Behncke<\/span><br \/>\n<\/span><\/strong> <span style=\"font-size: 12pt;\"><span style=\"color: #6193bd;\"><a style=\"color: #6193bd;\" href=\"mailto:info@exoten-praxis.de\"><br \/>\n<\/a><\/span><\/span><strong><span style=\"font-size: 12pt;\"><span style=\"color: #6193bd;\"><span style=\"color: #ff6600;\">Notfalltelefon: <\/span><\/span><span style=\"font-family: arial,helvetica,sans-serif; color: #ff6600;\">0049-176-97667580<\/span><\/span><\/strong><\/span><\/h4>\n<h4 style=\"text-align: center;\"><span style=\"color: #3366ff;\"><strong><span style=\"font-size: 12pt;\"><span style=\"font-family: arial,helvetica,sans-serif; color: #ff6600;\">Email: <a style=\"color: #ff6600;\" href=\"mailto:info@exoten-praxis.de\">info@exoten-praxis.de<\/a><\/span><br \/>\n<\/span><\/strong><\/span><\/h4>\n<p style=\"text-align: center;\"><span style=\"color: #3366ff;\"><strong><span style=\"font-size: 12pt;\"><div class=\"su-spacer\" style=\"height:30px\"><\/div><\/span><\/strong><\/span><\/p>\n<p style=\"text-align: center;\"><strong><span style=\"font-size: 12pt;\">Sollte das Telefon nicht besetzt sein &#8211; schicken Sie bitte eine SMS mit Nennung Ihres Namens, Adresse und des Anliegens. Sie werden schnellst m\u00f6glich zur\u00fcckgerufen.<\/span><\/strong><\/p>\n<h5 style=\"text-align: justify;\"><div class=\"su-spacer\" style=\"height:15px\"><\/div><\/h5>\n<hr \/>\n<h5 style=\"text-align: justify;\"><span style=\"font-size: 12pt;\"><strong><br \/>\n<\/strong><\/span><\/h5>\n<p>&nbsp;<\/p>\n","protected":false},"excerpt":{"rendered":"<p>In folgenden Praxen werden zur Zeit im Drei-L\u00e4nder-Eck Spechzeiten abgehalten. Terminvereinbarungen nehmen Sie bitte \u00fcber die jeweilige Praxis vor. Um die Organisation der Sprechstunde zu verbessern und um Wartezeiten zu verk\u00fcrzen, nennen Sie dabei bitte die Tierart, akute Problematik und die Anzahl der zu untersuchenden Tiere. Bitte beachten Sie, dass es sich um verbindliche Terminvereinbarung handelt. Sollten Sie einen vereinbarten Termin nicht einhalten k\u00f6nnen, sagen Sie ihn bitte fr\u00fchzeitig &#8211; sp\u00e4testens aber 24 Stunden vorher &#8211; ab. Ber\u00fccksichtigen Sie: Sprechstundentermine werden ausschliesslich \u00fcber die Praxen vergeben und k\u00f6nnen aus organisatorischen Gr\u00fcnden nicht \u00fcber die Notfallnummer vereinbart werden. Um zur jeweiligen Webseite der genannten Praxis\/Klinik zu gelangen, klicken Sie bitte auf\u2026<\/p>\n<p class=\"continue-reading-button\"> <a class=\"continue-reading-link\" href=\"https:\/\/exoten-praxis.de\/?page_id=38\">Continue reading<i class=\"crycon-right-dir\"><\/i><\/a><\/p>\n","protected":false},"author":1,"featured_media":0,"parent":0,"menu_order":0,"comment_status":"closed","ping_status":"closed","template":"","meta":{"om_disable_all_campaigns":false,"_monsterinsights_skip_tracking":false,"_monsterinsights_sitenote_active":false,"_monsterinsights_sitenote_note":"","_monsterinsights_sitenote_category":0,"footnotes":""},"class_list":["post-38","page","type-page","status-publish","hentry"],"aioseo_notices":[],"_links":{"self":[{"href":"https:\/\/exoten-praxis.de\/index.php?rest_route=\/wp\/v2\/pages\/38","targetHints":{"allow":["GET"]}}],"collection":[{"href":"https:\/\/exoten-praxis.de\/index.php?rest_route=\/wp\/v2\/pages"}],"about":[{"href":"https:\/\/exoten-praxis.de\/index.php?rest_route=\/wp\/v2\/types\/page"}],"author":[{"embeddable":true,"href":"https:\/\/exoten-praxis.de\/index.php?rest_route=\/wp\/v2\/users\/1"}],"replies":[{"embeddable":true,"href":"https:\/\/exoten-praxis.de\/index.php?rest_route=%2Fwp%2Fv2%2Fcomments&post=38"}],"version-history":[{"count":87,"href":"https:\/\/exoten-praxis.de\/index.php?rest_route=\/wp\/v2\/pages\/38\/revisions"}],"predecessor-version":[{"id":1046,"href":"https:\/\/exoten-praxis.de\/index.php?rest_route=\/wp\/v2\/pages\/38\/revisions\/1046"}],"wp:attachment":[{"href":"https:\/\/exoten-praxis.de\/index.php?rest_route=%2Fwp%2Fv2%2Fmedia&parent=38"}],"curies":[{"name":"wp","href":"https:\/\/api.w.org\/{rel}","templated":true}]}}