{"id":6,"date":"2016-02-03T09:04:40","date_gmt":"2016-02-03T09:04:40","guid":{"rendered":"http:\/\/exoten-praxis.de\/?page_id=6"},"modified":"2020-07-21T09:23:42","modified_gmt":"2020-07-21T09:23:42","slug":"ueber-dr-h-behncke","status":"publish","type":"page","link":"https:\/\/exoten-praxis.de\/?page_id=6","title":{"rendered":"Dr. Helge Behncke"},"content":{"rendered":"<h4 style=\"text-align: center;\"><div class=\"su-spacer\" style=\"height:20px\"><\/div><\/h4>\n<h4 style=\"text-align: center;\"><span style=\"color: #6193bd;\"><em>&#8222;Warum wendet man sich als Tierarzt den exotischen Heimtieren zu?&#8220; <\/em><\/span><\/h4>\n<h5 style=\"text-align: center;\"><span style=\"color: #000000;\"><strong><img loading=\"lazy\" decoding=\"async\" id=\"gmedia-image-66\" class=\"gmedia-singlepic alignnone\" title=\"Dr.-Behncke-2\" src=\"http:\/\/exoten-labor.de\/wp-content\/grand-media\/image\/Dr.-Behncke-2.jpg\" alt=\"Dr.-Behncke-2\" width=\"1467\" height=\"558\" \/><\/strong><\/span><\/h5>\n<h5 style=\"text-align: center;\"><span style=\"color: #000000;\"><strong> <span style=\"color: #6193bd;\"><em>&#8230;Wir halten unz\u00e4hlig verschiedene Kleins\u00e4uger in menschlicher Obhut, kennen ca. 10.000 unterschiedliche Reptilien, \u00fcber 10.500 V\u00f6gel und mehr als 7.000 Amphibienarten, ganz zu schweigen von der unendlich gro\u00dfen Anzahl der Invertebraten! Viel zu viele, um sich beruflich nur mit 5 oder 6 Tierarten zu befassen. &#8211; Die Neugierde mehr \u00fcber diese Arten zu zu erfahren ist nicht nur seit mehr als 20 Jahren meine berufliche Motivation,\u00a0 sondern seit \u00fcber 40 Jahren mein Hobby.&#8220;<\/em><\/span><br \/>\n<\/strong><\/span><\/h5>\n<h5 style=\"text-align: right;\">Helge Behncke<\/h5>\n<div class=\"su-spacer\" style=\"height:40px\"><\/div>\n<h3><\/h3>\n<div>\n<hr \/>\n<\/div>\n<div><div class=\"su-spacer\" style=\"height:35px\"><\/div><\/div>\n<div>\n<div tabindex=\"0\" class=\"cycloneslider cycloneslider-template-standard cycloneslider-width-responsive\" id=\"cycloneslider-faszination-exoten-1\" style=\"max-width:1400px\" > <div class=\"cycloneslider-slides cycle-slideshow\" data-cycle-allow-wrap=\"true\" data-cycle-dynamic-height=\"off\" data-cycle-auto-height=\"1400:533\" data-cycle-auto-height-easing=\"null\" data-cycle-auto-height-speed=\"250\" data-cycle-delay=\"0\" data-cycle-easing=\"\" data-cycle-fx=\"fadeout\" data-cycle-hide-non-active=\"true\" data-cycle-log=\"false\" data-cycle-next=\"#cycloneslider-faszination-exoten-1 .cycloneslider-next\" data-cycle-pager=\"#cycloneslider-faszination-exoten-1 .cycloneslider-pager\" data-cycle-pause-on-hover=\"false\" data-cycle-prev=\"#cycloneslider-faszination-exoten-1 .cycloneslider-prev\" data-cycle-slides=\"&gt; div\" data-cycle-speed=\"1500\" data-cycle-swipe=\"false\" data-cycle-tile-count=\"7\" data-cycle-tile-delay=\"100\" data-cycle-tile-vertical=\"true\" data-cycle-timeout=\"5000\" > <div class=\"cycloneslider-slide cycloneslider-slide-image\" > <img decoding=\"async\" src=\"https:\/\/exoten-praxis.de\/wp-content\/uploads\/2016\/02\/Kornnatter-Pantherphis-guttatus-Pewter-subadult-1400x533.jpg\" alt=\"\" title=\"\" \/> <\/div> <div class=\"cycloneslider-slide cycloneslider-slide-image\" > <img decoding=\"async\" src=\"https:\/\/exoten-praxis.de\/wp-content\/uploads\/2016\/02\/0f0b957fe12bfeb4b9b504ec9114716b-1400x533.jpg\" alt=\"\" title=\"\" \/> <\/div> <div class=\"cycloneslider-slide cycloneslider-slide-image\" > <img decoding=\"async\" src=\"https:\/\/exoten-praxis.de\/wp-content\/uploads\/2016\/02\/Reisfink-Padda-oryzivora-Hahn-weiss-1400x533.jpg\" alt=\"\" title=\"\" \/> <\/div> <div class=\"cycloneslider-slide cycloneslider-slide-image\" > <img decoding=\"async\" src=\"https:\/\/exoten-praxis.de\/wp-content\/uploads\/2016\/02\/Fettschwanzgerbil-Pachyuromys-duprasi-1400x533.jpg\" alt=\"\" title=\"\" \/> <\/div> <div class=\"cycloneslider-slide cycloneslider-slide-image\" > <img decoding=\"async\" src=\"https:\/\/exoten-praxis.de\/wp-content\/uploads\/2016\/02\/6540163fd64da608d8413152eb08bd88-1400x533.jpg\" alt=\"\" title=\"\" \/> <\/div> <div class=\"cycloneslider-slide cycloneslider-slide-image\" > <img decoding=\"async\" src=\"https:\/\/exoten-praxis.de\/wp-content\/uploads\/2016\/02\/P2190164-1400x533.jpg\" alt=\"\" title=\"\" \/> <\/div> <div class=\"cycloneslider-slide cycloneslider-slide-image\" > <img decoding=\"async\" src=\"https:\/\/exoten-praxis.de\/wp-content\/uploads\/2016\/02\/Riesenradnetzspinne-Nephila-spec.-Tansania-1400x533.jpg\" alt=\"\" title=\"\" \/> <\/div> <div class=\"cycloneslider-slide cycloneslider-slide-image\" > <img decoding=\"async\" src=\"https:\/\/exoten-praxis.de\/wp-content\/uploads\/2016\/02\/Californische-Strumpfbandnatter-Thamnophis-sirtalis-infernalis-1400x533.jpg\" alt=\"\" title=\"\" \/> <\/div> <div class=\"cycloneslider-slide cycloneslider-slide-image\" > <img decoding=\"async\" src=\"https:\/\/exoten-praxis.de\/wp-content\/uploads\/2016\/02\/Campbell-Zwerghamster-Phodopus-campbelli-mandarin-1400x533.jpg\" alt=\"\" title=\"\" \/> <\/div> <div class=\"cycloneslider-slide cycloneslider-slide-image\" > <img decoding=\"async\" src=\"https:\/\/exoten-praxis.de\/wp-content\/uploads\/2016\/02\/Pfeilgiftfrosch-Ranitomeya-amazonica-1400x533.jpg\" alt=\"\" title=\"\" \/> <\/div> <div class=\"cycloneslider-slide cycloneslider-slide-image\" > <img decoding=\"async\" src=\"https:\/\/exoten-praxis.de\/wp-content\/uploads\/2016\/02\/90b7900ef9419b0f5a885115be28927a-1400x533.jpg\" alt=\"\" title=\"\" \/> <\/div> <div class=\"cycloneslider-slide cycloneslider-slide-image\" > <img decoding=\"async\" src=\"https:\/\/exoten-praxis.de\/wp-content\/uploads\/2016\/02\/Pantherchamaeleon-Furcifer-pardalis-Maennchen-1400x533.jpg\" alt=\"\" title=\"\" \/> <\/div> <div class=\"cycloneslider-slide cycloneslider-slide-image\" > <img decoding=\"async\" src=\"https:\/\/exoten-praxis.de\/wp-content\/uploads\/2016\/02\/Pferdekopfschrecke-Pseudoproscopia-latirostris-1400x533.jpg\" alt=\"\" title=\"\" \/> <\/div> <div class=\"cycloneslider-slide cycloneslider-slide-image\" > <img decoding=\"async\" src=\"https:\/\/exoten-praxis.de\/wp-content\/uploads\/2016\/02\/Gouldsamadine-Erythura-gouldinae-Hahn-blau-1400x533.jpg\" alt=\"\" title=\"\" \/> <\/div> <div class=\"cycloneslider-slide cycloneslider-slide-image\" > <img decoding=\"async\" src=\"https:\/\/exoten-praxis.de\/wp-content\/uploads\/2016\/02\/Tansania-Skorpion-Odonturus-dentatus-Weibchen-mit-Jungen-1400x533.jpg\" alt=\"\" title=\"\" \/> <\/div> <div class=\"cycloneslider-slide cycloneslider-slide-image\" > <img decoding=\"async\" src=\"https:\/\/exoten-praxis.de\/wp-content\/uploads\/2016\/02\/Martinique-Baumvogelspinne-Avicularia-versicolor-Jungtier-1400x533.jpg\" alt=\"\" title=\"\" \/> <\/div> <div class=\"cycloneslider-slide cycloneslider-slide-image\" > <img decoding=\"async\" src=\"https:\/\/exoten-praxis.de\/wp-content\/uploads\/2016\/02\/Orchideenmantis-Hymenopus-coronatus-Weibchen-1400x533.jpg\" alt=\"\" title=\"\" \/> <\/div> <div class=\"cycloneslider-slide cycloneslider-slide-image\" > <img decoding=\"async\" src=\"https:\/\/exoten-praxis.de\/wp-content\/uploads\/2016\/02\/Faerberfrosch-Dendrobates-tinctorius-Brasilianer-und-Black-Saul-1400x533.jpg\" alt=\"\" title=\"\" \/> <\/div> <div class=\"cycloneslider-slide cycloneslider-slide-image\" > <img decoding=\"async\" src=\"https:\/\/exoten-praxis.de\/wp-content\/uploads\/2016\/02\/fc012a8783fdbf5e0080e64642784511-1400x533.jpg\" alt=\"\" title=\"\" \/> <\/div> <div class=\"cycloneslider-slide cycloneslider-slide-image\" > <img decoding=\"async\" src=\"https:\/\/exoten-praxis.de\/wp-content\/uploads\/2016\/02\/c2af7df48cc566b1e939d67fd4c4144f-1400x533.jpg\" alt=\"\" title=\"\" \/> <\/div> <\/div> <\/div>\n<div class=\"su-spacer\" style=\"height:15px\"><\/div>\n<\/div>\n<div>\n<hr \/>\n<\/div>\n<h4 style=\"text-align: center;\"><\/h4>\n<div class=\"su-spacer\" style=\"height:30px\"><\/div>\n<h4 style=\"text-align: center;\"><\/h4>\n<h4 style=\"text-align: center;\"><\/h4>\n<h5 style=\"text-align: center;\"><span style=\"text-decoration: underline;\">Beruf und Werdegang von Dr. med. vet. Helge Behncke<\/span><\/h5>\n<div class=\"su-spacer\" style=\"height:20px\"><\/div>\n<table style=\"border-color: #d3e3f0; background-color: #d3e3f0; height: 1944px;\">\n<tbody>\n<tr style=\"height: 30px;\">\n<td style=\"border-color: #d3e3f0; text-align: left; vertical-align: top; height: 30px; width: 260.2px;\"><span style=\"color: #6193bd;\">Ausbildung zum Labor MTA<\/span><\/td>\n<td style=\"border-color: #d3e3f0; vertical-align: top; text-align: right; height: 30px; width: 301.8px;\"><span style=\"color: #6193bd;\">Berufsfachschule; Osnabr\u00fcck<\/span><\/td>\n<\/tr>\n<tr style=\"height: 91px;\">\n<td style=\"background-color: #ffffff; border-color: #ffffff; text-align: left; vertical-align: top; height: 91px; width: 260.2px;\"><span style=\"color: #96bbda;\">Studium der Veterin\u00e4rmedizin<\/span><\/td>\n<td style=\"background-color: #ffffff; border-color: #ffffff; text-align: left; vertical-align: top; height: 91px; width: 301.8px;\">\n<p style=\"text-align: right;\"><span style=\"color: #96bbda;\">Freie Universit\u00e4t Berlin<br \/>\nApprobation 1999<\/span><\/p>\n<\/td>\n<\/tr>\n<tr style=\"height: 203px;\">\n<td style=\"border-color: #d3e3f0; vertical-align: top; height: 203px; width: 260.2px;\"><span style=\"color: #6193bd;\">Dissertation: <em><a style=\"color: #6193bd;\" href=\"http:\/\/www.vmf.uni-leipzig.de\/ik\/wgeburtshilfe\/Behncke_Helge%20Leipzig%202002.pdf\">&#8222;Spermagewinnung und<br \/>\n-untersuchungsowie endoskopische<br \/>\nBeurteilung des Geschlechtsapparats<br \/>\n&#8230;. bei Psittaziden&#8230;&#8220;<\/a><\/em><\/span><\/td>\n<td style=\"border-color: #d3e3f0; vertical-align: top; height: 203px; width: 301.8px;\">\n<p style=\"text-align: right;\"><span style=\"color: #6193bd;\">Klinik f\u00fcr V\u00f6gel und Reptilien; Universit\u00e4t Leipzig<br \/>\n2000 -2002; Promotion 2003<\/span><\/p>\n<p style=\"text-align: right;\">\n<\/td>\n<\/tr>\n<tr style=\"height: 120px;\">\n<td style=\"background-color: #ffffff; border-color: #ffffff; text-align: left; vertical-align: top; height: 120px; width: 260.2px;\"><span style=\"color: #96bbda;\">Zusatzbezeichnung: Amphibien und Reptilien<\/span><\/td>\n<td style=\"background-color: #ffffff; border-color: #ffffff; text-align: left; vertical-align: top; height: 120px; width: 301.8px;\">\n<p style=\"text-align: right;\"><span style=\"color: #96bbda;\">Tier\u00e4rztekammer Westfalen-Lippe; M\u00fcnster<br \/>\n2005<\/span><\/p>\n<\/td>\n<\/tr>\n<tr style=\"height: 120px;\">\n<td style=\"border-color: #d3e3f0; text-align: left; vertical-align: top; height: 120px; width: 260.2px;\"><span style=\"color: #6193bd;\">Zusatzbezeichnung: Zier- und Wildvogel<\/span><\/td>\n<td style=\"border-color: #d3e3f0; text-align: left; vertical-align: top; height: 120px; width: 301.8px;\">\n<p style=\"text-align: right;\"><span style=\"color: #6193bd;\">Tier\u00e4rztekammer Baden-W\u00fcrttemberg; Stuttgart<br \/>\n2007<\/span><\/p>\n<\/td>\n<\/tr>\n<tr style=\"height: 194px;\">\n<td style=\"background-color: #ffffff; border-color: #ffffff; text-align: left; vertical-align: top; height: 194px; width: 260.2px;\"><span style=\"color: #96bbda;\">Labormedizin<\/span><\/p>\n<p><span style=\"color: #96bbda;\"><br \/>\nGefl\u00fcgelmedizin<\/span><\/td>\n<td style=\"background-color: #ffffff; border-color: #ffffff; text-align: left; vertical-align: top; height: 194px; width: 301.8px;\">\n<p style=\"text-align: right;\"><span style=\"color: #96bbda;\">LABOKLIN GmbH &amp; CoKG; Bad Kissingen<br \/>\n2003<\/span><\/p>\n<p style=\"text-align: right;\"><span style=\"color: #96bbda;\">Praxis Dr. P\u00f6ppel; Delbr\u00fcck<br \/>\n2003 &#8211; 2004<\/span><\/p>\n<\/td>\n<\/tr>\n<tr style=\"height: 562px;\">\n<td style=\"border-color: #d3e3f0; text-align: left; vertical-align: top; height: 562px; width: 260.2px;\"><span style=\"color: #6193bd;\">Bestandsbetreuung Papageien<\/span><\/p>\n<p><span style=\"color: #6193bd;\">Bestandsbetreuung Greifv\u00f6gel<\/span><\/p>\n<p><span style=\"color: #6193bd;\"><br \/>\nBestandsbetreuung Reptiliengrosshandel<\/span><\/p>\n<p><span style=\"color: #6193bd;\"><br \/>\nBestandsbetreuung zoologischer Einzelhandel<br \/>\n<\/span><\/td>\n<td style=\"border-color: #d3e3f0; text-align: left; vertical-align: top; height: 562px; width: 301.8px;\">\n<p style=\"text-align: right;\"><span style=\"color: #6193bd;\">Loro Parque; Puerto de la Cruz; Teneriffa &#8211; Spanien<br \/>\n2004 &#8211; 2005<\/span><\/p>\n<p style=\"text-align: right;\"><span style=\"color: #6193bd;\">Greifvogel- und Eulenpark; Triberg <\/span><span style=\"color: #6193bd;\">seit 2020<\/span><\/p>\n<p style=\"text-align: right;\"><span style=\"color: #6193bd;\">Import-Export Peter Hoch GmbH; Waldkirch<br \/>\nseit 2006<\/span><\/p>\n<p style=\"text-align: right;\"><span style=\"color: #6193bd;\">Zoo Burkart; Freiburg<br \/>\n2012 &#8211; 2017<br \/>\n<\/span><\/p>\n<p style=\"text-align: right;\"><span style=\"color: #6193bd;\">Dehner Gartencenter und Zoo; Weil<br \/>\n2017 &#8211; 2019<br \/>\n<\/span><\/p>\n<p style=\"text-align: right;\"><span style=\"color: #6193bd;\">Dehner Gartencenter und Zoo; Freiburg<br \/>\n2012 &#8211; 2020<br \/>\n<\/span><\/p>\n<p style=\"text-align: right;\"><span style=\"color: #6193bd;\">K\u00f6lle Zoo; Weil<\/span><\/p>\n<p style=\"text-align: right;\"><span style=\"color: #6193bd;\">seit 2019<\/span><\/p>\n<\/td>\n<\/tr>\n<tr style=\"height: 238px;\">\n<td style=\"border-color: #ffffff; background-color: #ffffff; text-align: left; vertical-align: top; height: 238px; width: 260.2px;\"><span style=\"color: #96bbda;\">Vogel- und Reptiliensprechstunde<\/span><\/td>\n<td style=\"border-color: #ffffff; background-color: #ffffff; text-align: left; vertical-align: top; height: 238px; width: 301.8px;\">\n<p style=\"text-align: right;\"><span style=\"color: #96bbda;\">Kleintierpraxis Tietz; Waldkirch<br \/>\nseit 2006<\/span><\/p>\n<p style=\"text-align: right;\"><span style=\"color: #96bbda;\">Kleintierklinik Frank; Freiburg<br \/>\nseit 2016<\/span><\/p>\n<p style=\"text-align: right;\"><span style=\"color: #96bbda;\">Kleintierpraxis Dressel; Steinen<br \/>\nseit 2016<\/span><\/p>\n<\/td>\n<\/tr>\n<tr style=\"height: 386px;\">\n<td style=\"border-color: #d3e3f0; text-align: left; vertical-align: top; height: 386px; width: 260.2px;\"><span style=\"color: #6193bd;\">Weitere berufliche T\u00e4tigkeiten und Erfahrung<\/span><\/p>\n<p><span style=\"color: #6193bd;\">\u00a0<\/span><\/td>\n<td style=\"border-color: #d3e3f0; text-align: left; vertical-align: top; height: 386px; width: 301.8px;\">\n<p style=\"text-align: right;\"><span style=\"color: #6193bd;\">Gefl\u00fcgelmedizin, Institut f\u00fcr Gefl\u00fcgelkrankheiten; Giessen<\/span><\/p>\n<p style=\"text-align: right;\"><span style=\"color: #6193bd;\"> Zootiermedizin, Zoologischer Garten Leipzig; Leipzig<\/span><\/p>\n<p style=\"text-align: right;\"><span style=\"color: #6193bd;\"> Falkenmedizin &#8211; Al Wasl Veterinary Hospital; Dubai &#8211; VAE<\/span><\/p>\n<p style=\"text-align: right;\"><span style=\"color: #6193bd;\"> Zoo-, Wildier und Exotenmedizin &#8211; Cornell University &#8211; USA<\/span><\/p>\n<p style=\"text-align: right;\"><span style=\"color: #6193bd;\"> Zootiermedizin, Zoo Osnabr\u00fcck; Osnabr\u00fcck<\/span><\/p>\n<\/td>\n<\/tr>\n<\/tbody>\n<\/table>\n<div class=\"su-spacer\" style=\"height:20px\"><\/div>\n<h5 style=\"text-align: center;\"><span style=\"text-decoration: underline;\">Mitgliedschaften <div class=\"su-spacer\" style=\"height:10px\"><\/div>\n<\/span><\/h5>\n<p><img loading=\"lazy\" decoding=\"async\" id=\"gmedia-image-16\" class=\"gmedia-singlepic alignnone\" title=\"Mitgliedschaften\" src=\"https:\/\/exoten-praxis.de\/wp-content\/grand-media\/image\/Mitgliedschaften.jpg\" alt=\"Mitgliedschaften\" width=\"1240\" height=\"252\" \/><\/p>\n<hr \/>\n","protected":false},"excerpt":{"rendered":"<p>&#8222;Warum wendet man sich als Tierarzt den exotischen Heimtieren zu?&#8220; &#8230;Wir halten unz\u00e4hlig verschiedene Kleins\u00e4uger in menschlicher Obhut, kennen ca. 10.000 unterschiedliche Reptilien, \u00fcber 10.500 V\u00f6gel und mehr als 7.000 Amphibienarten, ganz zu schweigen von der unendlich gro\u00dfen Anzahl der Invertebraten! Viel zu viele, um sich beruflich nur mit 5 oder 6 Tierarten zu befassen. &#8211; Die Neugierde mehr \u00fcber diese Arten zu zu erfahren ist nicht nur seit mehr als 20 Jahren meine berufliche Motivation,\u00a0 sondern seit \u00fcber 40 Jahren mein Hobby.&#8220; Helge Behncke Beruf und Werdegang von Dr. med. vet. Helge Behncke Ausbildung zum Labor MTA Berufsfachschule; Osnabr\u00fcck Studium der Veterin\u00e4rmedizin Freie Universit\u00e4t Berlin Approbation 1999 Dissertation: &#8222;Spermagewinnung\u2026<\/p>\n<p class=\"continue-reading-button\"> <a class=\"continue-reading-link\" href=\"https:\/\/exoten-praxis.de\/?page_id=6\">Continue reading<i class=\"crycon-right-dir\"><\/i><\/a><\/p>\n","protected":false},"author":1,"featured_media":0,"parent":0,"menu_order":0,"comment_status":"closed","ping_status":"closed","template":"","meta":{"om_disable_all_campaigns":false,"_monsterinsights_skip_tracking":false,"_monsterinsights_sitenote_active":false,"_monsterinsights_sitenote_note":"","_monsterinsights_sitenote_category":0,"footnotes":""},"class_list":["post-6","page","type-page","status-publish","hentry"],"aioseo_notices":[],"_links":{"self":[{"href":"https:\/\/exoten-praxis.de\/index.php?rest_route=\/wp\/v2\/pages\/6","targetHints":{"allow":["GET"]}}],"collection":[{"href":"https:\/\/exoten-praxis.de\/index.php?rest_route=\/wp\/v2\/pages"}],"about":[{"href":"https:\/\/exoten-praxis.de\/index.php?rest_route=\/wp\/v2\/types\/page"}],"author":[{"embeddable":true,"href":"https:\/\/exoten-praxis.de\/index.php?rest_route=\/wp\/v2\/users\/1"}],"replies":[{"embeddable":true,"href":"https:\/\/exoten-praxis.de\/index.php?rest_route=%2Fwp%2Fv2%2Fcomments&post=6"}],"version-history":[{"count":40,"href":"https:\/\/exoten-praxis.de\/index.php?rest_route=\/wp\/v2\/pages\/6\/revisions"}],"predecessor-version":[{"id":1187,"href":"https:\/\/exoten-praxis.de\/index.php?rest_route=\/wp\/v2\/pages\/6\/revisions\/1187"}],"wp:attachment":[{"href":"https:\/\/exoten-praxis.de\/index.php?rest_route=%2Fwp%2Fv2%2Fmedia&parent=6"}],"curies":[{"name":"wp","href":"https:\/\/api.w.org\/{rel}","templated":true}]}}