{"id":958,"date":"2016-05-11T08:33:02","date_gmt":"2016-05-11T08:33:02","guid":{"rendered":"http:\/\/exoten-praxis.de\/?page_id=958"},"modified":"2022-11-22T09:43:38","modified_gmt":"2022-11-22T09:43:38","slug":"bezahlung","status":"publish","type":"page","link":"https:\/\/exoten-praxis.de\/?page_id=958","title":{"rendered":"Bezahlung"},"content":{"rendered":"<div><div class=\"su-spacer\" style=\"height:35px\"><\/div><\/div>\n<div>\n<div tabindex=\"0\" class=\"cycloneslider cycloneslider-template-standard cycloneslider-width-responsive\" id=\"cycloneslider-faszination-exoten-1\" style=\"max-width:1400px\" > <div class=\"cycloneslider-slides cycle-slideshow\" data-cycle-allow-wrap=\"true\" data-cycle-dynamic-height=\"off\" data-cycle-auto-height=\"1400:533\" data-cycle-auto-height-easing=\"null\" data-cycle-auto-height-speed=\"250\" data-cycle-delay=\"0\" data-cycle-easing=\"\" data-cycle-fx=\"fadeout\" data-cycle-hide-non-active=\"true\" data-cycle-log=\"false\" data-cycle-next=\"#cycloneslider-faszination-exoten-1 .cycloneslider-next\" data-cycle-pager=\"#cycloneslider-faszination-exoten-1 .cycloneslider-pager\" data-cycle-pause-on-hover=\"false\" data-cycle-prev=\"#cycloneslider-faszination-exoten-1 .cycloneslider-prev\" data-cycle-slides=\"&gt; div\" data-cycle-speed=\"1500\" data-cycle-swipe=\"false\" data-cycle-tile-count=\"7\" data-cycle-tile-delay=\"100\" data-cycle-tile-vertical=\"true\" data-cycle-timeout=\"5000\" > <div class=\"cycloneslider-slide cycloneslider-slide-image\" > <img decoding=\"async\" src=\"https:\/\/exoten-praxis.de\/wp-content\/uploads\/2016\/02\/Reisfink-Padda-oryzivora-Hahn-weiss-1400x533.jpg\" alt=\"\" title=\"\" \/> <\/div> <div class=\"cycloneslider-slide cycloneslider-slide-image\" > <img decoding=\"async\" src=\"https:\/\/exoten-praxis.de\/wp-content\/uploads\/2016\/02\/6540163fd64da608d8413152eb08bd88-1400x533.jpg\" alt=\"\" title=\"\" \/> <\/div> <div class=\"cycloneslider-slide cycloneslider-slide-image\" > <img decoding=\"async\" src=\"https:\/\/exoten-praxis.de\/wp-content\/uploads\/2016\/02\/Pferdekopfschrecke-Pseudoproscopia-latirostris-1400x533.jpg\" alt=\"\" title=\"\" \/> <\/div> <div class=\"cycloneslider-slide cycloneslider-slide-image\" > <img decoding=\"async\" src=\"https:\/\/exoten-praxis.de\/wp-content\/uploads\/2016\/02\/P2190164-1400x533.jpg\" alt=\"\" title=\"\" \/> <\/div> <div class=\"cycloneslider-slide cycloneslider-slide-image\" > <img decoding=\"async\" src=\"https:\/\/exoten-praxis.de\/wp-content\/uploads\/2016\/02\/Pfeilgiftfrosch-Ranitomeya-amazonica-1400x533.jpg\" alt=\"\" title=\"\" \/> <\/div> <div class=\"cycloneslider-slide cycloneslider-slide-image\" > <img decoding=\"async\" src=\"https:\/\/exoten-praxis.de\/wp-content\/uploads\/2016\/02\/fc012a8783fdbf5e0080e64642784511-1400x533.jpg\" alt=\"\" title=\"\" \/> <\/div> <div class=\"cycloneslider-slide cycloneslider-slide-image\" > <img decoding=\"async\" src=\"https:\/\/exoten-praxis.de\/wp-content\/uploads\/2016\/02\/Tansania-Skorpion-Odonturus-dentatus-Weibchen-mit-Jungen-1400x533.jpg\" alt=\"\" title=\"\" \/> <\/div> <div class=\"cycloneslider-slide cycloneslider-slide-image\" > <img decoding=\"async\" src=\"https:\/\/exoten-praxis.de\/wp-content\/uploads\/2016\/02\/c2af7df48cc566b1e939d67fd4c4144f-1400x533.jpg\" alt=\"\" title=\"\" \/> <\/div> <div class=\"cycloneslider-slide cycloneslider-slide-image\" > <img decoding=\"async\" src=\"https:\/\/exoten-praxis.de\/wp-content\/uploads\/2016\/02\/Riesenradnetzspinne-Nephila-spec.-Tansania-1400x533.jpg\" alt=\"\" title=\"\" \/> <\/div> <div class=\"cycloneslider-slide cycloneslider-slide-image\" > <img decoding=\"async\" src=\"https:\/\/exoten-praxis.de\/wp-content\/uploads\/2016\/02\/Kornnatter-Pantherphis-guttatus-Pewter-subadult-1400x533.jpg\" alt=\"\" title=\"\" \/> <\/div> <div class=\"cycloneslider-slide cycloneslider-slide-image\" > <img decoding=\"async\" src=\"https:\/\/exoten-praxis.de\/wp-content\/uploads\/2016\/02\/90b7900ef9419b0f5a885115be28927a-1400x533.jpg\" alt=\"\" title=\"\" \/> <\/div> <div class=\"cycloneslider-slide cycloneslider-slide-image\" > <img decoding=\"async\" src=\"https:\/\/exoten-praxis.de\/wp-content\/uploads\/2016\/02\/Californische-Strumpfbandnatter-Thamnophis-sirtalis-infernalis-1400x533.jpg\" alt=\"\" title=\"\" \/> <\/div> <div class=\"cycloneslider-slide cycloneslider-slide-image\" > <img decoding=\"async\" src=\"https:\/\/exoten-praxis.de\/wp-content\/uploads\/2016\/02\/0f0b957fe12bfeb4b9b504ec9114716b-1400x533.jpg\" alt=\"\" title=\"\" \/> <\/div> <div class=\"cycloneslider-slide cycloneslider-slide-image\" > <img decoding=\"async\" src=\"https:\/\/exoten-praxis.de\/wp-content\/uploads\/2016\/02\/Orchideenmantis-Hymenopus-coronatus-Weibchen-1400x533.jpg\" alt=\"\" title=\"\" \/> <\/div> <div class=\"cycloneslider-slide cycloneslider-slide-image\" > <img decoding=\"async\" src=\"https:\/\/exoten-praxis.de\/wp-content\/uploads\/2016\/02\/Gouldsamadine-Erythura-gouldinae-Hahn-blau-1400x533.jpg\" alt=\"\" title=\"\" \/> <\/div> <div class=\"cycloneslider-slide cycloneslider-slide-image\" > <img decoding=\"async\" src=\"https:\/\/exoten-praxis.de\/wp-content\/uploads\/2016\/02\/Martinique-Baumvogelspinne-Avicularia-versicolor-Jungtier-1400x533.jpg\" alt=\"\" title=\"\" \/> <\/div> <div class=\"cycloneslider-slide cycloneslider-slide-image\" > <img decoding=\"async\" src=\"https:\/\/exoten-praxis.de\/wp-content\/uploads\/2016\/02\/Pantherchamaeleon-Furcifer-pardalis-Maennchen-1400x533.jpg\" alt=\"\" title=\"\" \/> <\/div> <div class=\"cycloneslider-slide cycloneslider-slide-image\" > <img decoding=\"async\" src=\"https:\/\/exoten-praxis.de\/wp-content\/uploads\/2016\/02\/Fettschwanzgerbil-Pachyuromys-duprasi-1400x533.jpg\" alt=\"\" title=\"\" \/> <\/div> <div class=\"cycloneslider-slide cycloneslider-slide-image\" > <img decoding=\"async\" src=\"https:\/\/exoten-praxis.de\/wp-content\/uploads\/2016\/02\/Faerberfrosch-Dendrobates-tinctorius-Brasilianer-und-Black-Saul-1400x533.jpg\" alt=\"\" title=\"\" \/> <\/div> <div class=\"cycloneslider-slide cycloneslider-slide-image\" > <img decoding=\"async\" src=\"https:\/\/exoten-praxis.de\/wp-content\/uploads\/2016\/02\/Campbell-Zwerghamster-Phodopus-campbelli-mandarin-1400x533.jpg\" alt=\"\" title=\"\" \/> <\/div> <\/div> <\/div>\n<div class=\"su-spacer\" style=\"height:15px\"><\/div>\n<\/div>\n<h5 style=\"text-align: justify;\">Grunds\u00e4tzliches<\/h5>\n<p style=\"text-align: justify;\"><span style=\"font-size: 12pt;\">Wie bei jedem anderen Tierarzt wird die Behandlung entsprechend der <a href=\"https:\/\/www.dechra.de\/Admin\/Public\/DWSDownload.aspx?File=%2fFiles%2fFiles%2fSupportMaterialDownloads%2fDE%2fGOT_2022.pdf\">Geb\u00fchrenordnung f\u00fcr Tier\u00e4rzte (GOT)<\/a> (vom \u00a022.11.2022) abgerechnet.<\/span><\/p>\n<p style=\"text-align: justify;\"><span style=\"font-size: 12pt;\"> Dennoch sind exotische Heimtiere besondere Tiere, mit deren Behandlung und Haltung sich erfahrungsgem\u00e4\u00df nicht jeder Tierarzt auskennt. Mit Ihrer Wahl des Tierarztes profitieren Sie und Ihr Pflegling von der Erfahrung aus mehr als 20 Jahren beruflicher T\u00e4tigkeit ausschlie\u00dflich in diesem Spezialgebiet sowie mehr als 40 Jahren Haltung dieser Tiere. Dadurch beinhaltet die allgemeine Untersuchung auch &#8211; wenn n\u00f6tig &#8211; eine Haltungsberatung bzw. Empfehlung zur Haltungskorrektur. <\/span><\/p>\n<p style=\"text-align: justify;\"><span style=\"font-size: 12pt;\">Um auf dieser Basis jedes Tier mit der n\u00f6tigen Sorgfalt, Ruhe und Zeit behandeln zu k\u00f6nnen, wird im Rahmen der Sprechstunde standardm\u00e4\u00dfig mit dem 1,6-fachen Satz der GOT abgerechnet. F\u00fcr eine Vorstellung der so anfallenden Geb\u00fchren sind nachfolgend die Bruttopreise einiger exemplarische Routineleistungen aufgelistet:<\/span><span class=\"collapseomatic noarrow\" id=\"id69deb46f31e2c\"  tabindex=\"0\" title=\"  (Preise)\"    ><strong>  (Preise)<\/strong><\/span><div id=\"target-id69deb46f31e2c\" class=\"collapseomatic_content \">\n<ul>\n<li style=\"list-style-type: none;\">\n<ul>\n<li style=\"list-style-type: none;\">\n<ul>\n<li style=\"list-style-type: none;\">\n<ul>\n<li>Allgemeinuntersuchung Papageien und Greifv\u00f6gel \u2013 47,24 \u20ac<\/li>\n<li>Allgemeinuntersuchung Reptilien \u2013 40,15 \u20ac<\/li>\n<li>Allgemeinuntersuchung Zierv\u00f6gel \u2013 33,78 \u20ac<\/li>\n<li>Parasitologische Untersuchung (im Rahmen der Behandlung) \u2013 17,44 \u20ac<\/li>\n<li>Ultraschalluntersuchung \u2013 58,92 \u20ac<\/li>\n<li>Parasitologische Untersuchung (eingesendete Probe) \u2013 21,55 \u20ac<\/li>\n<li>R\u00f6ntgenologische Untersuchung in zwei Ebenen \u2013 79,59 \u20ac<\/li>\n<li>Mikrobiologische Untersuchung (inkl. Keimdifferenzierung, Mykologie und Resistenztest) \u2013 113,65 \u20ac<\/li>\n<li>Blutuntersuchung inkl. Blutentnahme klinische Chemie (nach Fragestellung) \u2013 55,00 \u2013 120,00 \u20ac\n<ul>\n<li style=\"text-align: justify;\">zuz\u00fcglich gro\u00dfes Blutbild \u2013 33,00<\/li>\n<\/ul>\n<\/li>\n<\/ul>\n<\/li>\n<\/ul>\n<\/li>\n<\/ul>\n<\/li>\n<\/ul>\n<\/div>\n<p style=\"text-align: justify;\"><span style=\"font-size: 12pt;\">\u00a0<\/span><\/p>\n<h5 style=\"text-align: right;\"><div class=\"su-spacer\" style=\"height:20px\"><\/div><\/h5>\n<h5 style=\"text-align: justify;\"><span style=\"font-size: 11pt; font-family: arial,helvetica,sans-serif;\"><div class=\"su-service\"><div class=\"su-service-title\" style=\"padding-left:52px;min-height:38px;line-height:38px\"><i class=\"sui sui-info\" style=\"font-size:38px;color:#6193bd\"><\/i> GOT - wie ist sie zu verstehen <\/div><div class=\"su-service-content su-u-clearfix su-u-trim\" style=\"padding-left:52px\"><div class=\"su-note\"  style=\"border-color:#4779a3;border-radius:1px;-moz-border-radius:1px;-webkit-border-radius:1px;\"><div class=\"su-note-inner su-u-clearfix su-u-trim\" style=\"background-color:#6193bd;border-color:#ffffff;color:#ffffff;border-radius:1px;-moz-border-radius:1px;-webkit-border-radius:1px;\"><\/span><strong>H\u00e4ufig ben\u00f6tigt ein Tier besondere Untersuchungsverfahren, um zur korrekten Diagnose zu gelangen und eine zielgerichtete Therapie zu erm\u00f6glichen. Auch werden verschiedene therapeutische Schritte eingeleitet, um Ihren Pflegling bestm\u00f6glich zu helfen. Daher ist die tier\u00e4rztliche Geb\u00fchrenordnung (GOT) als \u201eBaukastensystem\u201c angelegt, in dem die Summen der Leistungen aufaddiert werden. Sollten Sie im Rahmen einer Behandlung Fragen zu den Kosten einer vorgeschlagenen Ma\u00dfnahme haben, scheuen Sie sich bitte nicht danach zu fragen. <\/strong><span style=\"font-size: 11pt; font-family: arial,helvetica,sans-serif;\"><\/div><\/div><\/div><\/div><\/span><\/h5>\n<div class=\"su-spacer\" style=\"height:20px\"><\/div>\n<hr \/>\n<h5>Nach der Sprechstunde<\/h5>\n<p style=\"text-align: justify;\"><span style=\"font-size: 12pt;\">Jeder Kunde erh\u00e4lt eine Rechnung mit allen relevanten Informationen und Untersuchungsergebnissen, Diagnose und einem Therapieplan entweder als Ausdruck oder per Email als PDF Datei. Sollten Sie neben Ihren Befunden weitere Informationen zu der Behandlung ben\u00f6tigen (z.B. den \u201eBeipackzettel\u201c zu abgef\u00fcllten Medikamenten) geben bitte Sie im Rahmen der Sprechstunde Bescheid.<\/span><\/p>\n<hr \/>\n<h5>Bezahlung und Bezahlmethoden<\/h5>\n<p style=\"text-align: justify;\"><span style=\"font-size: 12pt;\">Generell finden keine Untersuchungen und Behandlungen &#8222;auf Rechnung&#8220; statt. Ebenfalls ist aus organisatorischen Gr\u00fcnden eine Barzahlung nicht m\u00f6glich. Die anfallende Rechnung muss grunds\u00e4tzlich im Anschluss an Ihren Termin vor Ort per ec-Zahlung (PIN) beglichen werden. Da die Laborabrechnung \u00fcber die Tierarztpraxis erfolgt, werden eingeleitete Laboruntersuchungen unmittelbar im Rahmen der Rechnungsstellung abgerechnet. Bitte vergessen Sie aus diesem Grund nicht zum Tierarztbesuch auch Ihre ec-Karte mitzubringen.<\/span><\/p>\n<hr \/>\n<h5>Notdienst<\/h5>\n<p style=\"text-align: justify;\">Auch au\u00dferhalb der Sprechzeiten bin ich in Notfallsituationen selbstverst\u00e4ndlich auch f\u00fcr Sie und Ihren Pflegling dar. Die gesetzlich geregelten Notdienstzeiten umfassen neben dem Wochenende auch den Zeitraum montags bis freitags von 19:00 \u2013 8:00. Vereinbaren Sie im dringenden Notfall direkt unter der unten angegebenen Notrufnummer einen Termin. Ber\u00fccksichtigen Sie jedoch, dass zwischen 20:00 und 8:00 die Notrufnummer nicht besetzt ist<strong>. <\/strong><strong>Sollte das Telefon nicht besetzt sein, schicken Sie bitte eine SMS mit Nennung Ihres Namens, Adresse und des Anliegens. Sie werden schnellst m\u00f6glich zur\u00fcckgerufen. <\/strong><\/p>\n<p style=\"text-align: justify;\">Beachten Sie: Seit dem 14.2.2020 wird in der Zeit von 19.00 bis 8:00 und am Wochenende eine pauschale Notdienstgeb\u00fchr von 50 \u20ac bei einem Tierarztbesuch erhoben. Gleichzeitig wird in dieser Zeit der Behandlungssatz auf den 2 bis 4 fachen Satz der tier\u00e4rztlichen Geb\u00fchrenordnung (GOT) angehoben (im Rahmen der Sprechstunde 1,72). Nat\u00fcrlich sind die &#8222;regul\u00e4ren&#8220; Sprechstundentermine, die in diesen Zeitraum fallen, hiervon nicht betroffen.<\/p>\n<h3><\/h3>\n<div><\/div>\n","protected":false},"excerpt":{"rendered":"<p>Grunds\u00e4tzliches Wie bei jedem anderen Tierarzt wird die Behandlung entsprechend der Geb\u00fchrenordnung f\u00fcr Tier\u00e4rzte (GOT) (vom \u00a022.11.2022) abgerechnet. Dennoch sind exotische Heimtiere besondere Tiere, mit deren Behandlung und Haltung sich erfahrungsgem\u00e4\u00df nicht jeder Tierarzt auskennt. Mit Ihrer Wahl des Tierarztes profitieren Sie und Ihr Pflegling von der Erfahrung aus mehr als 20 Jahren beruflicher T\u00e4tigkeit ausschlie\u00dflich in diesem Spezialgebiet sowie mehr als 40 Jahren Haltung dieser Tiere. Dadurch beinhaltet die allgemeine Untersuchung auch &#8211; wenn n\u00f6tig &#8211; eine Haltungsberatung bzw. Empfehlung zur Haltungskorrektur. Um auf dieser Basis jedes Tier mit der n\u00f6tigen Sorgfalt, Ruhe und Zeit behandeln zu k\u00f6nnen, wird im Rahmen der Sprechstunde standardm\u00e4\u00dfig mit dem 1,6-fachen Satz der\u2026<\/p>\n<p class=\"continue-reading-button\"> <a class=\"continue-reading-link\" href=\"https:\/\/exoten-praxis.de\/?page_id=958\">Continue reading<i class=\"crycon-right-dir\"><\/i><\/a><\/p>\n","protected":false},"author":1,"featured_media":0,"parent":0,"menu_order":0,"comment_status":"closed","ping_status":"closed","template":"","meta":{"om_disable_all_campaigns":false,"_monsterinsights_skip_tracking":false,"_monsterinsights_sitenote_active":false,"_monsterinsights_sitenote_note":"","_monsterinsights_sitenote_category":0,"footnotes":""},"class_list":["post-958","page","type-page","status-publish","hentry"],"aioseo_notices":[],"_links":{"self":[{"href":"https:\/\/exoten-praxis.de\/index.php?rest_route=\/wp\/v2\/pages\/958","targetHints":{"allow":["GET"]}}],"collection":[{"href":"https:\/\/exoten-praxis.de\/index.php?rest_route=\/wp\/v2\/pages"}],"about":[{"href":"https:\/\/exoten-praxis.de\/index.php?rest_route=\/wp\/v2\/types\/page"}],"author":[{"embeddable":true,"href":"https:\/\/exoten-praxis.de\/index.php?rest_route=\/wp\/v2\/users\/1"}],"replies":[{"embeddable":true,"href":"https:\/\/exoten-praxis.de\/index.php?rest_route=%2Fwp%2Fv2%2Fcomments&post=958"}],"version-history":[{"count":49,"href":"https:\/\/exoten-praxis.de\/index.php?rest_route=\/wp\/v2\/pages\/958\/revisions"}],"predecessor-version":[{"id":1230,"href":"https:\/\/exoten-praxis.de\/index.php?rest_route=\/wp\/v2\/pages\/958\/revisions\/1230"}],"wp:attachment":[{"href":"https:\/\/exoten-praxis.de\/index.php?rest_route=%2Fwp%2Fv2%2Fmedia&parent=958"}],"curies":[{"name":"wp","href":"https:\/\/api.w.org\/{rel}","templated":true}]}}